{"id":992,"date":"2024-10-04T11:28:31","date_gmt":"2024-10-04T09:28:31","guid":{"rendered":"https:\/\/www.transportesmartinpina.com\/politica-privacidad\/"},"modified":"2025-01-07T08:29:04","modified_gmt":"2025-01-07T07:29:04","slug":"politique-de-confidentialite","status":"publish","type":"page","link":"https:\/\/www.transportesmartinpina.com\/fr\/politique-de-confidentialite\/","title":{"rendered":"Politique de confidentialit\u00e9"},"content":{"rendered":"\n<p>TRANSPORTES MART\u00cdN PINA s\u2019engage \u00e0 faire tout son possible pour se conformer en tout temps aux r\u00e9glementations en vigueur concernant la protection des donn\u00e9es, actuellement le R\u00e8glement G\u00e9n\u00e9ral sur la Protection des Donn\u00e9es (UE) n\u00b0 679\/2016.<\/p>\n\n\n\n<p>TRANSPORTES MART\u00cdN PINA informe ci-apr\u00e8s les UTILISATEURS des termes et conditions dans lesquels leurs donn\u00e9es personnelles seront trait\u00e9es.<\/p>\n\n\n\n<p><strong>RESPONSABLE DU TRAITEMENT DES DONN\u00c9ES<\/strong><br>TRANSPORTES MART\u00cdN PINA SLU<br>NIF : B62477781<br>Adresse postale : Carrer Llobateres, 1, 08210 Barber\u00e0 del Vall\u00e8s, Barcelona<br>Adresse \u00e9lectronique : <a>trafico@transportesmartinpina.com<\/a><br>T\u00e9l\u00e9phone : 93 713 32 56<\/p>\n\n\n\n<p><strong>TRAITEMENT DES DONN\u00c9ES DES UTILISATEURS DU FORMULAIRE DE CONTACT DU SITE WEB<\/strong><br>Finalit\u00e9 du traitement des donn\u00e9es des utilisateurs du formulaire de contact :<br>G\u00e9rer et r\u00e9pondre aux demandes d\u2019informations et\/ou aux questions envoy\u00e9es par les utilisateurs via le formulaire de contact du site.<br>G\u00e9rer l\u2019envoi d\u2019informations demand\u00e9es et, dans les cas pertinents, fournir des offres de produits et\/ou services de TRANSPORTES MART\u00cdN PINA SLU pour lesquels ils ont exprim\u00e9 un int\u00e9r\u00eat.<br>TRANSPORTES MART\u00cdN PINA SLU ne prendra pas de d\u00e9cisions automatis\u00e9es bas\u00e9es sur votre profil.<\/p>\n\n\n\n<p>Base l\u00e9gale du traitement des donn\u00e9es des utilisateurs du formulaire de contact : consentement de l\u2019int\u00e9ress\u00e9.<br>La base l\u00e9gale pour le traitement des donn\u00e9es des utilisateurs du formulaire de contact est leur consentement, qui sera donn\u00e9 au moment de remplir et de soumettre le formulaire compl\u00e9t\u00e9.<\/p>\n\n\n\n<p>P\u00e9riode de conservation des donn\u00e9es des utilisateurs du formulaire de contact du site :<br>Nous conserverons les donn\u00e9es des utilisateurs du formulaire de contact pour une p\u00e9riode raisonnable (\u00e0 compl\u00e9ter) \u00e0 partir de la derni\u00e8re manifestation d\u2019int\u00e9r\u00eat de leur part pour nos produits ou services, \u00e0 moins qu\u2019ils ne nous demandent la suppression de leurs donn\u00e9es.<\/p>\n\n\n\n<p><strong>TRAITEMENT DES DONN\u00c9ES DES CLIENTS ET FOURNISSEURS<\/strong><br>Finalit\u00e9 du traitement des donn\u00e9es des clients et fournisseurs :<br>G\u00e9rer la relation commerciale existante, r\u00e9aliser et\/ou sous-traiter les services contract\u00e9s par nos clients, et g\u00e9rer la comptabilit\u00e9, la fiscalit\u00e9 et l\u2019administration de l\u2019entreprise.<br>Base l\u00e9gale du traitement : La base l\u00e9gale est l\u2019existence et l\u2019ex\u00e9cution de contrats de prestation de services et\/ou de vente de biens.<br>P\u00e9riode de conservation des donn\u00e9es : Nous conserverons les donn\u00e9es des fournisseurs tant que des actions et relations commerciales auront lieu, et pendant les ann\u00e9es n\u00e9cessaires pour remplir nos obligations l\u00e9gales et\/ou fiscales li\u00e9es \u00e0 ces relations contractuelles.<\/p>\n\n\n\n<p><strong>TRAITEMENT DES DONN\u00c9ES DES DESTINATAIRES DE LA NEWSLETTER ET COMMUNICATIONS COMMERCIALES<\/strong><br>Finalit\u00e9 du traitement des donn\u00e9es des abonn\u00e9s \u00e0 la Newsletter et aux communications commerciales :<br>G\u00e9rer l\u2019abonnement et l\u2019envoi de la Newsletter et des communications commerciales de TRANSPORTES MART\u00cdN PINA SLU.<br>Base l\u00e9gale pour le traitement des donn\u00e9es des destinataires de la Newsletter : Consentement de l\u2019int\u00e9ress\u00e9.<br>La base l\u00e9gale est l\u2019obtention du consentement explicite de l\u2019abonn\u00e9 au moment de son inscription.<\/p>\n\n\n\n<p>Pour les clients existants, TRANSPORTES MART\u00cdN PINA SLU se base sur l\u2019int\u00e9r\u00eat l\u00e9gitime, sauf si ces derniers manifestent leur souhait d\u2019\u00eatre d\u00e9sinscrits, en envoyant un e-mail \u00e0 <a>trafico@transportesmartinpina.com<\/a>.<\/p>\n\n\n\n<p>P\u00e9riode de conservation des donn\u00e9es :<br>TRANSPORTES MART\u00cdN PINA SLU conservera les donn\u00e9es personnelles n\u00e9cessaires pour l\u2019envoi de la Newsletter et des communications commerciales de fa\u00e7on ind\u00e9finie, sauf si les utilisateurs demandent \u00e0 \u00eatre d\u00e9sinscrits par \u00e9crit \u00e0 <a>trafico@transportesmartinpina.com<\/a>, en joignant une copie de leur pi\u00e8ce d\u2019identit\u00e9.<\/p>\n\n\n\n<p><strong>TRAITEMENT DES DONN\u00c9ES DES ABONN\u00c9S SUR LES R\u00c9SEAUX SOCIAUX<\/strong><br>TRANSPORTES MART\u00cdN PINA SLU est pr\u00e9sente sur les r\u00e9seaux sociaux suivants : Facebook, Linkedin, Twitter et Youtube.<\/p>\n\n\n\n<p>Finalit\u00e9 du traitement des donn\u00e9es des abonn\u00e9s sur les r\u00e9seaux sociaux : informer ces abonn\u00e9s des services que TRANSPORTES MART\u00cdN PINA SLU propose afin d&rsquo;attirer de nouveaux clients et fid\u00e9liser les clients existants.<br>La base l\u00e9gale est le consentement des abonn\u00e9s lorsqu&rsquo;ils choisissent de suivre ou de ne plus suivre TRANSPORTES MART\u00cdN PINA SLU.<\/p>\n\n\n\n<p><strong>TRAITEMENT DES DONN\u00c9ES DES CANDIDATS \u00c0 L&rsquo;EMPLOI<\/strong><br>Finalit\u00e9 du traitement des donn\u00e9es des candidats \u00e0 l&#8217;emploi :<br>TRANSPORTES MART\u00cdN PINA SLU traitera les donn\u00e9es des candidats \u00e0 l&#8217;emploi dans le but d\u2019inclure leurs informations dans une base de donn\u00e9es de candidats afin de les contacter si leur profil correspond \u00e0 une offre d&#8217;emploi future.<br>TRANSPORTES MART\u00cdN PINA SLU ne prendra pas de d\u00e9cisions automatis\u00e9es bas\u00e9es sur le profil des candidats.<br>Base l\u00e9gale pour le traitement des donn\u00e9es des candidats : Consentement de l&rsquo;int\u00e9ress\u00e9.<br>La base l\u00e9gale est leur consentement, donn\u00e9 lorsqu\u2019ils soumettent leur CV par tout moyen.<\/p>\n\n\n\n<p>P\u00e9riode de conservation des donn\u00e9es des candidats : TRANSPORTES MART\u00cdN PINA SLU conservera les donn\u00e9es des candidats pendant 5 ans.<\/p>\n\n\n\n<p><strong>P\u00c9RIODE G\u00c9N\u00c9RALE DE CONSERVATION DES DONN\u00c9ES<\/strong><br>En g\u00e9n\u00e9ral, TRANSPORTES MART\u00cdN PINA SLU conservera les donn\u00e9es personnelles fournies tant que leur suppression ne sera pas demand\u00e9e, sauf indication contraire dans les sections pr\u00e9c\u00e9dentes.<\/p>\n\n\n\n<p><strong>DESTINATAIRES DES DONN\u00c9ES<\/strong><br>En g\u00e9n\u00e9ral, les destinataires des donn\u00e9es seront le personnel et la direction de l\u2019entreprise.<\/p>\n\n\n\n<p>D\u2019autres entreprises qui fournissent des services \u00e0 TRANSPORTES MART\u00cdN PINA SLU peuvent avoir acc\u00e8s aux donn\u00e9es personnelles, uniquement en qualit\u00e9 de sous-traitants, afin de fournir les services que TRANSPORTES MART\u00cdN PINA SLU leur a confi\u00e9s.<\/p>\n\n\n\n<p>Les donn\u00e9es ne seront pas transmises \u00e0 des tiers, sauf en cas d&rsquo;obligation l\u00e9gale.<\/p>\n\n\n\n<p><strong>DROITS DES PERSONNES CONCERN\u00c9ES<\/strong><br>Les utilisateurs peuvent exercer les droits que le RGPD 679\/2016 leur accorde, tels que l&rsquo;acc\u00e8s \u00e0 leurs donn\u00e9es, la rectification des donn\u00e9es inexactes, l\u2019opposition au traitement dans certaines circonstances, l\u2019annulation ou la suppression des donn\u00e9es lorsque celles-ci ne sont plus n\u00e9cessaires pour les finalit\u00e9s pour lesquelles elles ont \u00e9t\u00e9 collect\u00e9es, le droit \u00e0 l&rsquo;oubli, la limitation du traitement et la portabilit\u00e9 des donn\u00e9es, en envoyant un e-mail \u00e0 <a>trafico@transportesmartinpina.com<\/a> avec une copie de leur pi\u00e8ce d\u2019identit\u00e9.<\/p>\n","protected":false},"excerpt":{"rendered":"<p>TRANSPORTES MART\u00cdN PINA s\u2019engage \u00e0 faire tout son possible pour se conformer en tout temps aux r\u00e9glementations en vigueur concernant la protection des donn\u00e9es, actuellement le R\u00e8glement G\u00e9n\u00e9ral sur la Protection des Donn\u00e9es (UE) n\u00b0 679\/2016. TRANSPORTES MART\u00cdN PINA informe ci-apr\u00e8s les UTILISATEURS des termes et conditions dans lesquels leurs donn\u00e9es personnelles seront trait\u00e9es. RESPONSABLE&hellip;&nbsp;<a href=\"https:\/\/www.transportesmartinpina.com\/fr\/politique-de-confidentialite\/\" rel=\"bookmark\">Lire la suite &raquo;<span class=\"screen-reader-text\">Politique de confidentialit\u00e9<\/span><\/a><\/p>\n","protected":false},"author":1,"featured_media":0,"parent":0,"menu_order":0,"comment_status":"closed","ping_status":"closed","template":"","meta":{"neve_meta_sidebar":"","neve_meta_container":"","neve_meta_enable_content_width":"","neve_meta_content_width":0,"neve_meta_title_alignment":"","neve_meta_author_avatar":"","neve_post_elements_order":"","neve_meta_disable_header":"","neve_meta_disable_footer":"","neve_meta_disable_title":"","_themeisle_gutenberg_block_has_review":false,"footnotes":""},"class_list":["post-992","page","type-page","status-publish","hentry"],"_links":{"self":[{"href":"https:\/\/www.transportesmartinpina.com\/fr\/wp-json\/wp\/v2\/pages\/992","targetHints":{"allow":["GET"]}}],"collection":[{"href":"https:\/\/www.transportesmartinpina.com\/fr\/wp-json\/wp\/v2\/pages"}],"about":[{"href":"https:\/\/www.transportesmartinpina.com\/fr\/wp-json\/wp\/v2\/types\/page"}],"author":[{"embeddable":true,"href":"https:\/\/www.transportesmartinpina.com\/fr\/wp-json\/wp\/v2\/users\/1"}],"replies":[{"embeddable":true,"href":"https:\/\/www.transportesmartinpina.com\/fr\/wp-json\/wp\/v2\/comments?post=992"}],"version-history":[{"count":3,"href":"https:\/\/www.transportesmartinpina.com\/fr\/wp-json\/wp\/v2\/pages\/992\/revisions"}],"predecessor-version":[{"id":2036,"href":"https:\/\/www.transportesmartinpina.com\/fr\/wp-json\/wp\/v2\/pages\/992\/revisions\/2036"}],"wp:attachment":[{"href":"https:\/\/www.transportesmartinpina.com\/fr\/wp-json\/wp\/v2\/media?parent=992"}],"curies":[{"name":"wp","href":"https:\/\/api.w.org\/{rel}","templated":true}]}}