{"id":1989,"date":"2024-12-20T12:57:31","date_gmt":"2024-12-20T11:57:31","guid":{"rendered":"https:\/\/www.transportesmartinpina.com\/declaracion-de-accesibilidad\/"},"modified":"2024-12-20T13:32:39","modified_gmt":"2024-12-20T12:32:39","slug":"declaraction-d-accesibilite","status":"publish","type":"page","link":"https:\/\/www.transportesmartinpina.com\/fr\/declaraction-d-accesibilite\/","title":{"rendered":"D\u00e9claration d&rsquo;accessibilit\u00e9 des transports de Martin Pina"},"content":{"rendered":"\n<!DOCTYPE html>\n<html lang=\"fr\">\n <head>\n <style>\n #main-content *{\n line-height: 1.5\n }\n table.w50 td {\n width: 50%;\n }\n\n table {\n width: 100%;\n margin-bottom: 36px;\n }\n\n table caption {\n background: #F1F3F4;\n text-align: left;\n font-weight: bold;\n padding: 4px 8px;\n }\n\n table thead {\n background: #F1F3F4;\n }\n\n table thead td {\n font-weight: bold;\n padding: 4px 8px;\n }\n\n table tbody td {\n border-bottom: 1px solid #F1F3F4;\n line-height: 1.5;\n padding: 4px 8px;\n }\n\n @media only screen and (max-width: 600px) {\n table {\n display: block;\n }\n table thead, table tbody, table tr, table th {\n display: block;\n width: 100% !important;\n }\n table td {\n display: block;\n width: 100% !important;\n word-break: break-all;\n }\n table td:last-child:not(:first-child) {\n border-bottom: 5px solid #F1F3F4;\n }\n}\n\n<\/style>\n<\/head>\n\n<body>\n<section class=\"container-block\" id=\"main-content\">\n<p>R\u00e9sultat : <span class='red'>Partiellement conforme<\/span><\/p>\n\n<p>Transportes Martin Pina s&rsquo;est engag\u00e9 \u00e0 rendre son site web accessible conform\u00e9ment au <a href=\"https:\/\/www.boe.es\/boe\/dias\/2018\/09\/19\/pdfs\/BOE -A-2018-12699.pdf\" rel=\"noopener\">D\u00e9cret royal 1112\/2018, du 7 septembre<\/a>.<\/p>\n\n<p>Au 20\/12\/2024, <a href=\"https:\/\/addaw.org\/es\" target=\"_blank\" rel=\"noopener\">L&rsquo;\u00e9quipe ADDAW<\/a> a r\u00e9alis\u00e9 un audit d&rsquo;accessibilit\u00e9 du site https:\/\/www.transportesmartinpina.com\/es\/ en suivant la m\u00e9thodologie \u00e9tablie dans la norme UNE-EN 301549:2022<\/p>\n<p>Le r\u00e9sultat de l&rsquo;audit est <strong>partiellement conforme<\/strong> au RD 1112\/2018 et \u00e0 la norme UNE-EN 301549:2022 en raison des exceptions et du manque de conformit\u00e9 d\u00e9taill\u00e9s dans le rapport t\u00e9l\u00e9chargeable<\/p>\n<table>\n<thead>\n<tr>\n<td colspan=\"2\"><\/td>\n<\/tr>\n<\/thead>\n<tbody>\n<tr>\n<td>Date de conformit\u00e9<\/td>\n<td>20\/12\/2024<\/td>\n<\/tr>\n<tr>\n<td>Version<\/td>\n<td>UNE-EN 301549:2022<\/td>\n <\/tr>\n <tr>\n <td>Uri<\/td>\n <td><a target=\"_blank\" href=\"https:\/\/www.etsi.org\/deliver\/etsi_en\/301500_301599\/301549\/03.02.01_60\/en_301549v030201p.pdf\" rel=\"noopener\">T\u00e9l\u00e9charger<\/a><\/td>\n <\/tr>\n <tr>\n <td>Niveau de conformit\u00e9<\/td>\n <td>AA<\/td>\n <\/tr>\n <\/tbody>\n<\/table>\n<table>\n <thead>\n <tr>\n <td>Port\u00e9e de la d\u00e9claration<\/td>\n <\/tr>\n <\/thead>\n <tbody>\n <tr>\n <td>Tous les contenus du site internet public<\/td>\n <\/tr>\n <\/tbody>\n<\/table>\n<table>\n <thead>\n <tr>\n <td colspan=\"2\">Pages \u00e9chantillons<\/td>\n <\/tr>\n <tr>\n <td>Titre<\/td>\n <td>Uri<\/td>\n <\/tr>\n <\/thead>\n <tbody>\n <tr>\n <td>Accueil<\/td>\n <td>https:\/\/www.transportesmartinpina.com\/es\/<\/td>\n <\/tr>\n <tr>\n <td>Contact<\/td>\n <td>https:\/\/www.transportesmartinpina.com\/es\/contacto\/<\/td>\n <\/tr>\n <tr>\n <td>Avis l\u00e9gal<\/td>\n <td>https:\/\/www.transportesmartinpina.com\/es\/aviso-legal\/<\/td>\n <\/tr>\n <tr>\n<td>D\u00e9claration d&rsquo;accessibilit\u00e9<\/td>\n<td>https:\/\/www.transportesmartinpina.com\/en\/accessibility-statement\/<\/td>\n<\/tr>\n<tr>\n<td>Qui nous sommes<\/td>\n<td>https:\/\/www.transportesmartinpina.com\/en\/about-us\/<\/td>\n<\/tr>\n<tr>\n<td>Services<\/td>\n<td>https:\/\/www.transportesmartinpina.com\/es\/servicios\/<\/td>\n<\/tr>\n\n<\/tbody>\n<\/table>\n<table>\n<thead>\n<tr>\n<td colspan=\"2\">Technologies pr\u00e9sent\u00e9es<\/td>\n<\/tr>\n<\/thead>\n<tbody>\n<tr>\n<td>CSS<\/td> \n<td>http:\/\/www.w3.org\/Style\/CSS\/specs\/<\/td>\n <\/tr>\n <tr>\n <td>HTML5<\/td>\n <td>http:\/\/www.w3.org\/TR\/html5\/<\/td>\n <\/tr>\n <tr>\n <td>WAI-ARIA<\/td>\n <td>https:\/\/www.w3.org\/TR\/wai-aria\/<\/td>\n <\/tr>\n <tr>\n <td>JavaScript<\/td>\n <td>https:\/\/developer.mozilla.org\/fr\/docs\/Web\/JavaScript<\/td>\n <\/tr>\n\n <\/tbody>\n<\/table>\n<table>\n <thead>\n <tr>\n <td>Outils utilis\u00e9s<\/td>\n <\/tr>\n <\/thead>\n <tbody>\n <tr>\n <td>DevTools\/Inspecteur de navigateur<\/td>\n <\/tr>\n <tr>\n <td>Analyseur de contraste des couleurs<\/td>\n <\/tr>\n <tr>\n <td>Google Lighthouse<\/td>\n <\/tr>\n <tr>\n <td>Validation HTML<\/td>\n <\/tr>\n <tr>\n <td>Clavier uniquement<\/td>\n <\/tr>\n <tr>\n <td>Lecteur d&rsquo;\u00e9cran VoiceOver<\/td>\n <\/tr>\n <tr>\n <td>Extension de navigateur WAVE<\/td>\n <\/tr>\n\n <\/tbody>\n<\/table>\n<table>\n <thead>\n <tr>\n <td>Agents utilisateurs utilis\u00e9s<\/td>\n <\/tr>\n <\/thead>\n <tbody>\n <tr>\n <td>Chrome &#8211; Derni\u00e8re version<\/td>\n <\/tr>\n <tr>\n <td>Edge &#8211; Derni\u00e8re version<\/td>\n <\/tr>\n <tr>\n <td>Firefox &#8211; Derni\u00e8re version<\/td>\n <\/tr>\n <tr>\n <td>Firefox pour Android<\/td>\n <\/tr>\n <tr>\n <td>iOS Safari &#8211; Derni\u00e8re version<\/td>\n <\/tr>\n <tr>\n <td>Opera Mobile<\/td>\n <\/tr>\n\n <\/tbody>\n<\/table>\n <h2>Contact<\/h2>\n <p>Vous pouvez faire des communications concernant les exigences d&rsquo;accessibilit\u00e9 (article 10.2.a) du RD 1112\/2018 telles que :<\/p>\n<ul>\n<li>Informer de toute conformit\u00e9 possible de ce site web<\/li>\n<li>Transmettre d&rsquo;autres difficult\u00e9s d&rsquo;acc\u00e8s au contenu<\/li>\n<li>Formuler toute autre question ou suggestion d&rsquo;am\u00e9lioration concernant l&rsquo;accessibilit\u00e9 du site web<\/li>\n<\/ul>\n<p>Par le biais de l&rsquo;adresse email <a href=\"mailto:trafico@transportesmartinpina.com\">trafico@transportesmartinpina.com<\/a><\/p>\n<h2>T\u00e9l\u00e9charger des rapports<\/h2>\n<table>\n\n<thead>\n<tr style=\"text-align: center\">\n<th style=\"text-align: center\">Identifiant<\/th>\n<th style=\"text-align: center\">Date<\/th>\n<th style=\"text-align: center\">Auditeur<\/th>\n<th style=\"text-align: center\">Statut<\/th>\n<th style=\"text-align: center\">Lien<\/th>\n <\/tr>\n <\/thead>\n <tbody>\n <tr style=\"text-align: center\">\n <td>1222<\/td>\n <td>20\/12\/24<\/td>\n <td>David Prieto Gonz\u00e1lez<\/td>\n <td>Partiellement conforme<\/td>\n <td><a href=\"https:\/\/addaw.org\/webService\/descargarInformePdf?id=1222\" aria-label=\"Voir le rapport 1222\" rel=\"noopener\">Voir le rapport<\/a><\/td>\n <\/tr>\n\n <\/tbody>\n <\/table>\n\n <\/section>\n <\/body>\n<\/html>\n","protected":false},"excerpt":{"rendered":"<p>R\u00e9sultat : Partiellement conforme Transportes Martin Pina s&rsquo;est engag\u00e9 \u00e0 rendre son site web accessible conform\u00e9ment au D\u00e9cret royal 1112\/2018, du 7 septembre. Au 20\/12\/2024, L&rsquo;\u00e9quipe ADDAW a r\u00e9alis\u00e9 un audit d&rsquo;accessibilit\u00e9 du site https:\/\/www.transportesmartinpina.com\/es\/ en suivant la m\u00e9thodologie \u00e9tablie dans la norme UNE-EN 301549:2022 Le r\u00e9sultat de l&rsquo;audit est partiellement conforme au RD 1112\/2018&hellip;&nbsp;<a href=\"https:\/\/www.transportesmartinpina.com\/fr\/declaraction-d-accesibilite\/\" rel=\"bookmark\">Lire la suite &raquo;<span class=\"screen-reader-text\">D\u00e9claration d&rsquo;accessibilit\u00e9 des transports de Martin Pina<\/span><\/a><\/p>\n","protected":false},"author":3,"featured_media":0,"parent":0,"menu_order":0,"comment_status":"closed","ping_status":"closed","template":"","meta":{"neve_meta_sidebar":"","neve_meta_container":"","neve_meta_enable_content_width":"","neve_meta_content_width":0,"neve_meta_title_alignment":"","neve_meta_author_avatar":"","neve_post_elements_order":"","neve_meta_disable_header":"","neve_meta_disable_footer":"","neve_meta_disable_title":"","_themeisle_gutenberg_block_has_review":false,"footnotes":""},"class_list":["post-1989","page","type-page","status-publish","hentry"],"_links":{"self":[{"href":"https:\/\/www.transportesmartinpina.com\/fr\/wp-json\/wp\/v2\/pages\/1989","targetHints":{"allow":["GET"]}}],"collection":[{"href":"https:\/\/www.transportesmartinpina.com\/fr\/wp-json\/wp\/v2\/pages"}],"about":[{"href":"https:\/\/www.transportesmartinpina.com\/fr\/wp-json\/wp\/v2\/types\/page"}],"author":[{"embeddable":true,"href":"https:\/\/www.transportesmartinpina.com\/fr\/wp-json\/wp\/v2\/users\/3"}],"replies":[{"embeddable":true,"href":"https:\/\/www.transportesmartinpina.com\/fr\/wp-json\/wp\/v2\/comments?post=1989"}],"version-history":[{"count":3,"href":"https:\/\/www.transportesmartinpina.com\/fr\/wp-json\/wp\/v2\/pages\/1989\/revisions"}],"predecessor-version":[{"id":2002,"href":"https:\/\/www.transportesmartinpina.com\/fr\/wp-json\/wp\/v2\/pages\/1989\/revisions\/2002"}],"wp:attachment":[{"href":"https:\/\/www.transportesmartinpina.com\/fr\/wp-json\/wp\/v2\/media?parent=1989"}],"curies":[{"name":"wp","href":"https:\/\/api.w.org\/{rel}","templated":true}]}}