{"id":1655,"date":"2020-01-23T18:21:52","date_gmt":"2020-01-23T17:21:52","guid":{"rendered":"https:\/\/www.transportesmartinpina.com\/sobre-nosotros\/"},"modified":"2024-12-20T14:11:25","modified_gmt":"2024-12-20T13:11:25","slug":"qui-sommes-nous","status":"publish","type":"page","link":"https:\/\/www.transportesmartinpina.com\/fr\/qui-sommes-nous\/","title":{"rendered":"Qui sommes-nous"},"content":{"rendered":"\n<div class=\"wp-block-cover alignfull\"><span aria-hidden=\"true\" class=\"wp-block-cover__background has-neve-link-hover-color-background-color has-background-dim-70 has-background-dim\"><\/span><img data-dominant-color=\"0b0b0a\" data-has-transparency=\"false\" style=\"--dominant-color: #0b0b0a;\" loading=\"lazy\" decoding=\"async\" width=\"1400\" height=\"671\" class=\"wp-block-cover__image-background wp-image-1215 not-transparent\" alt=\"Contexte3\" src=\"https:\/\/www.transportesmartinpina.com\/wp-content\/uploads\/2024\/10\/fondo3-jpg.avif\" data-object-fit=\"cover\" srcset=\"https:\/\/www.transportesmartinpina.com\/wp-content\/uploads\/2024\/10\/fondo3-jpg.avif 1400w, https:\/\/www.transportesmartinpina.com\/wp-content\/uploads\/2024\/10\/fondo3-300x144.avif 300w, https:\/\/www.transportesmartinpina.com\/wp-content\/uploads\/2024\/10\/fondo3-1024x491.avif 1024w, https:\/\/www.transportesmartinpina.com\/wp-content\/uploads\/2024\/10\/fondo3-768x368.avif 768w\" sizes=\"auto, (max-width: 1400px) 100vw, 1400px\" \/><div class=\"wp-block-cover__inner-container is-layout-constrained wp-block-cover-is-layout-constrained\">\n<h1 class=\"wp-block-heading has-text-align-center has-nv-site-bg-color has-text-color has-link-color wp-elements-a3d9e2b32c05f9a1ac8924fa6ec2a753\">Qui sommes-nous<\/h1>\n<\/div><\/div>\n\n\n\n<div class=\"wp-block-cover alignfull\" style=\"min-height:600px;aspect-ratio:unset;\"><span aria-hidden=\"true\" class=\"wp-block-cover__background has-nv-light-bg-background-color has-background-dim-100 has-background-dim\"><\/span><div class=\"wp-block-cover__inner-container is-layout-flow wp-block-cover-is-layout-flow\">\n<div class=\"wp-block-group\"><div class=\"wp-block-group__inner-container is-layout-flow wp-block-group-is-layout-flow\">\n<div style=\"height:80px\" aria-hidden=\"true\" class=\"wp-block-spacer\"><\/div>\n\n\n\n<div class=\"wp-block-columns are-vertically-aligned-center has-neve-text-color-color has-text-color is-layout-flex wp-container-core-columns-is-layout-9d6595d7 wp-block-columns-is-layout-flex\">\n<div class=\"wp-block-column is-vertically-aligned-center is-layout-flow wp-block-column-is-layout-flow\" style=\"padding-right:var(--wp--preset--spacing--30);padding-left:var(--wp--preset--spacing--30);flex-basis:50%\">\n<figure class=\"wp-block-image size-full has-custom-border\"><img data-dominant-color=\"97a3ae\" data-has-transparency=\"false\" loading=\"lazy\" decoding=\"async\" width=\"600\" height=\"600\" src=\"https:\/\/www.transportesmartinpina.com\/wp-content\/uploads\/2024\/10\/transportes-martin-pina-empresa-jpeg.avif\" alt=\"entreprise de transport Martin Pina\" class=\"wp-image-1441 not-transparent\" style=\"--dominant-color: #97a3ae; border-radius:16px\" srcset=\"https:\/\/www.transportesmartinpina.com\/wp-content\/uploads\/2024\/10\/transportes-martin-pina-empresa-jpeg.avif 600w, https:\/\/www.transportesmartinpina.com\/wp-content\/uploads\/2024\/10\/transportes-martin-pina-empresa-300x300.avif 300w, https:\/\/www.transportesmartinpina.com\/wp-content\/uploads\/2024\/10\/transportes-martin-pina-empresa-150x150.avif 150w\" sizes=\"auto, (max-width: 600px) 100vw, 600px\" \/><\/figure>\n<\/div>\n\n\n\n<div class=\"wp-block-column is-vertically-aligned-center is-layout-flow wp-block-column-is-layout-flow\" style=\"padding-top:0;padding-right:var(--wp--preset--spacing--30);padding-bottom:0;padding-left:var(--wp--preset--spacing--30);flex-basis:50%\">\n<h2 class=\"wp-block-heading has-neve-text-color-color has-text-color\"><strong>Notre histoire<\/strong><\/h2>\n\n\n\n<p class=\"has-neve-text-color-color has-text-color\"><strong>TRANSPORTES MART\u00cdN PINA S.L.U.<\/strong> est une entreprise sp\u00e9cialis\u00e9e dans les services de transport, de distribution et de logistique, une activit\u00e9 qu\u2019elle exerce depuis sa cr\u00e9ation en 2001.<\/p>\n\n\n\n<p class=\"has-neve-text-color-color has-text-color\">L\u2019\u00e9quipe professionnelle de Transportes Mart\u00edn Pi\u00f1a b\u00e9n\u00e9ficie de l\u2019exp\u00e9rience de plusieurs g\u00e9n\u00e9rations dans le secteur. Elle a d\u00e9but\u00e9 son parcours de mani\u00e8re ind\u00e9pendante en 1988, d\u00e9veloppant plusieurs entreprises, jusqu\u2019\u00e0 la fondation de la soci\u00e9t\u00e9 actuelle en 2001.<\/p>\n<\/div>\n<\/div>\n\n\n\n<div style=\"height:40px\" aria-hidden=\"true\" class=\"wp-block-spacer\"><\/div>\n<\/div><\/div>\n<\/div><\/div>\n\n\n\n<div class=\"wp-block-cover alignfull\" style=\"min-height:600px;aspect-ratio:unset;\"><span aria-hidden=\"true\" class=\"wp-block-cover__background has-nv-dark-bg-background-color has-background-dim-100 has-background-dim\"><\/span><div class=\"wp-block-cover__inner-container is-layout-flow wp-block-cover-is-layout-flow\">\n<div class=\"wp-block-group\"><div class=\"wp-block-group__inner-container is-layout-flow wp-block-group-is-layout-flow\">\n<div style=\"height:80px\" aria-hidden=\"true\" class=\"wp-block-spacer\"><\/div>\n\n\n\n<div class=\"wp-block-columns are-vertically-aligned-center is-layout-flex wp-container-core-columns-is-layout-9d6595d7 wp-block-columns-is-layout-flex\">\n<div class=\"wp-block-column is-vertically-aligned-center is-layout-flow wp-block-column-is-layout-flow\" style=\"padding-right:var(--wp--preset--spacing--30);padding-left:var(--wp--preset--spacing--30);flex-basis:50%\">\n<h2 class=\"wp-block-heading has-nv-text-dark-bg-color has-text-color\"><strong>Nos valeurs<\/strong><\/h2>\n\n\n\n<p class=\"has-nv-text-dark-bg-color has-text-color\">Depuis sa cr\u00e9ation, Transportes Mart\u00edn Pi\u00f1a dispose d\u2019un d\u00e9partement sp\u00e9cialis\u00e9 dans le r\u00f4le d\u2019op\u00e9rateur logistique, con\u00e7u pour r\u00e9pondre aux exigences croissantes du march\u00e9.<\/p>\n\n\n\n<p class=\"has-nv-text-dark-bg-color has-text-color\">Dans ce contexte, l\u2019engagement constant envers l\u2019innovation et la relation de confiance \u00e9tablie avec ses clients repr\u00e9sentent les principaux atouts de l\u2019entreprise. De plus, Transportes Mart\u00edn Pi\u00f1a se distingue par son excellent rapport qualit\u00e9-prix.<\/p>\n\n\n\n<div style=\"height:20px\" aria-hidden=\"true\" class=\"wp-block-spacer\"><\/div>\n\n\n\n<div class=\"wp-block-buttons has-custom-font-size has-small-font-size is-content-justification-left is-layout-flex wp-container-core-buttons-is-layout-fdcfc74e wp-block-buttons-is-layout-flex\">\n<div class=\"wp-block-button has-custom-font-size is-style-default\" style=\"font-size:16px\"><a class=\"wp-block-button__link has-nv-text-dark-bg-color has-neve-link-color-background-color has-text-color has-background has-link-color wp-element-button\" href=\"https:\/\/www.transportesmartinpina.com\/fr\/contact\/\">Contactez-nous<\/a><\/div>\n<\/div>\n\n\n\n<div style=\"height:20px\" aria-hidden=\"true\" class=\"wp-block-spacer\"><\/div>\n<\/div>\n\n\n\n<div class=\"wp-block-column is-vertically-aligned-center is-layout-flow wp-block-column-is-layout-flow\" style=\"padding-right:var(--wp--preset--spacing--30);padding-left:var(--wp--preset--spacing--30);flex-basis:50%\">\n<figure class=\"wp-block-image size-full has-custom-border\"><img data-dominant-color=\"929da7\" data-has-transparency=\"false\" loading=\"lazy\" decoding=\"async\" width=\"601\" height=\"600\" src=\"https:\/\/www.transportesmartinpina.com\/wp-content\/uploads\/2024\/10\/valores-transportes.martin-pina-jpeg.avif\" alt=\"valeurs de transport de Martin Pina\" class=\"wp-image-1444 not-transparent\" style=\"--dominant-color: #929da7; border-radius:16px\" srcset=\"https:\/\/www.transportesmartinpina.com\/wp-content\/uploads\/2024\/10\/valores-transportes.martin-pina-jpeg.avif 601w, https:\/\/www.transportesmartinpina.com\/wp-content\/uploads\/2024\/10\/valores-transportes.martin-pina-300x300.avif 300w, https:\/\/www.transportesmartinpina.com\/wp-content\/uploads\/2024\/10\/valores-transportes.martin-pina-150x150.avif 150w\" sizes=\"auto, (max-width: 601px) 100vw, 601px\" \/><\/figure>\n<\/div>\n<\/div>\n\n\n\n<div style=\"height:40px\" aria-hidden=\"true\" class=\"wp-block-spacer\"><\/div>\n<\/div><\/div>\n<\/div><\/div>\n\n\n\n<div class=\"wp-block-cover alignfull\" style=\"min-height:420px;aspect-ratio:unset;\"><span aria-hidden=\"true\" class=\"wp-block-cover__background has-nv-site-bg-background-color has-background-dim-100 has-background-dim\"><\/span><div class=\"wp-block-cover__inner-container is-layout-flow wp-block-cover-is-layout-flow\">\n<div style=\"height:80px\" aria-hidden=\"true\" class=\"wp-block-spacer\"><\/div>\n\n\n\n<div class=\"wp-block-columns are-vertically-aligned-top is-layout-flex wp-container-core-columns-is-layout-9d6595d7 wp-block-columns-is-layout-flex\">\n<div class=\"wp-block-column is-vertically-aligned-top neve-duotone is-layout-flow wp-block-column-is-layout-flow\" style=\"padding-right:var(--wp--preset--spacing--30);padding-left:var(--wp--preset--spacing--30)\"><div class=\"wp-block-image icon-style is-style-default wp-duotone-unset-2\">\n<figure class=\"aligncenter size-full is-resized has-custom-border\"><img data-dominant-color=\"0a0a9e\" data-has-transparency=\"true\" loading=\"lazy\" decoding=\"async\" width=\"512\" height=\"512\" src=\"https:\/\/www.transportesmartinpina.com\/wp-content\/uploads\/2024\/10\/30-anos-experiencia-png.avif\" alt=\"30 ans d\\&#039;exp\u00e9rience\" class=\"wp-image-1148 has-transparency\" style=\"--dominant-color: #0a0a9e; border-radius:0px;object-fit:cover;width:60px;height:60px\" title=\"\" srcset=\"https:\/\/www.transportesmartinpina.com\/wp-content\/uploads\/2024\/10\/30-anos-experiencia-png.avif 512w, https:\/\/www.transportesmartinpina.com\/wp-content\/uploads\/2024\/10\/30-anos-experiencia-300x300.avif 300w, https:\/\/www.transportesmartinpina.com\/wp-content\/uploads\/2024\/10\/30-anos-experiencia-150x150.avif 150w\" sizes=\"auto, (max-width: 512px) 100vw, 512px\" \/><\/figure>\n<\/div>\n\n\n<div style=\"height:16px\" aria-hidden=\"true\" class=\"wp-block-spacer\"><\/div>\n\n\n\n<h3 class=\"wp-block-heading has-text-align-center has-neve-text-color-color has-text-color\"><strong>Exp\u00e9rience et confiance<\/strong><\/h3>\n\n\n\n<p class=\"has-text-align-center has-neve-text-color-color has-text-color has-link-color wp-elements-918c4399fe3baa33063af53fcdaceb94\">Entreprise familiale avec plus de 30 ans d\u2019exp\u00e9rience dans le secteur, offrant un service de qualit\u00e9.<\/p>\n\n\n\n<div style=\"height:20px\" aria-hidden=\"true\" class=\"wp-block-spacer\"><\/div>\n<\/div>\n\n\n\n<div class=\"wp-block-column is-vertically-aligned-top is-layout-flow wp-block-column-is-layout-flow\" style=\"padding-right:var(--wp--preset--spacing--30);padding-left:var(--wp--preset--spacing--30)\"><div class=\"wp-block-image icon-style is-style-default\">\n<figure class=\"aligncenter size-full is-resized has-custom-border\"><img data-dominant-color=\"0e10a0\" data-has-transparency=\"true\" loading=\"lazy\" decoding=\"async\" width=\"512\" height=\"512\" src=\"https:\/\/www.transportesmartinpina.com\/wp-content\/uploads\/2024\/10\/flota-png.avif\" alt=\"Flotte\" class=\"wp-image-1140 has-transparency\" style=\"--dominant-color: #0e10a0; border-radius:0px;object-fit:cover;width:60px;height:60px\" title=\"\" srcset=\"https:\/\/www.transportesmartinpina.com\/wp-content\/uploads\/2024\/10\/flota-png.avif 512w, https:\/\/www.transportesmartinpina.com\/wp-content\/uploads\/2024\/10\/flota-300x300.avif 300w, https:\/\/www.transportesmartinpina.com\/wp-content\/uploads\/2024\/10\/flota-150x150.avif 150w\" sizes=\"auto, (max-width: 512px) 100vw, 512px\" \/><\/figure>\n<\/div>\n\n\n<div style=\"height:16px\" aria-hidden=\"true\" class=\"wp-block-spacer\"><\/div>\n\n\n\n<h3 class=\"wp-block-heading has-text-align-center has-neve-text-color-color has-text-color\"><strong>Flotte moderne<\/strong><\/h3>\n\n\n\n<p class=\"has-text-align-center has-neve-text-color-color has-text-color has-link-color wp-elements-b2c7a019eedc6439d71b1317fca32a0f\">25 camions EURO 6, 30 remorques Mega et une large gamme de v\u00e9hicules adapt\u00e9s.<\/p>\n\n\n\n<div style=\"height:20px\" aria-hidden=\"true\" class=\"wp-block-spacer\"><\/div>\n<\/div>\n\n\n\n<div class=\"wp-block-column is-vertically-aligned-top is-layout-flow wp-block-column-is-layout-flow\" style=\"padding-right:var(--wp--preset--spacing--30);padding-left:var(--wp--preset--spacing--30)\"><div class=\"wp-block-image icon-style is-style-default wp-duotone-unset-3\">\n<figure class=\"aligncenter size-full is-resized has-custom-border\"><img data-dominant-color=\"08079c\" data-has-transparency=\"true\" loading=\"lazy\" decoding=\"async\" width=\"512\" height=\"512\" src=\"https:\/\/www.transportesmartinpina.com\/wp-content\/uploads\/2024\/10\/ambito-nacional-internacional-png.avif\" alt=\"Niveau national international\" class=\"wp-image-1145 has-transparency\" style=\"--dominant-color: #08079c; border-radius:0px;object-fit:cover;width:60px;height:60px\" title=\"\" srcset=\"https:\/\/www.transportesmartinpina.com\/wp-content\/uploads\/2024\/10\/ambito-nacional-internacional-png.avif 512w, https:\/\/www.transportesmartinpina.com\/wp-content\/uploads\/2024\/10\/ambito-nacional-internacional-300x300.avif 300w, https:\/\/www.transportesmartinpina.com\/wp-content\/uploads\/2024\/10\/ambito-nacional-internacional-150x150.avif 150w\" sizes=\"auto, (max-width: 512px) 100vw, 512px\" \/><\/figure>\n<\/div>\n\n\n<div style=\"height:16px\" aria-hidden=\"true\" class=\"wp-block-spacer\"><\/div>\n\n\n\n<h3 class=\"wp-block-heading has-text-align-center has-neve-text-color-color has-text-color\"><strong>Couverture nationale et internationale<\/strong><\/h3>\n\n\n\n<p class=\"has-text-align-center has-neve-text-color-color has-text-color has-link-color wp-elements-d13683fd9034948082fc0455eae7c967\">Un transport rapide et efficace, tant en Espagne qu\u2019\u00e0 travers toute l\u2019Europe.<\/p>\n\n\n\n<div style=\"height:20px\" aria-hidden=\"true\" class=\"wp-block-spacer\"><\/div>\n<\/div>\n\n\n\n<div class=\"wp-block-column is-vertically-aligned-top is-layout-flow wp-block-column-is-layout-flow\" style=\"padding-right:var(--wp--preset--spacing--30);padding-left:var(--wp--preset--spacing--30)\"><div class=\"wp-block-image icon-style is-style-default wp-duotone-unset-4\">\n<figure class=\"aligncenter size-full is-resized has-custom-border\"><img data-dominant-color=\"151aa5\" data-has-transparency=\"true\" loading=\"lazy\" decoding=\"async\" width=\"512\" height=\"512\" src=\"https:\/\/www.transportesmartinpina.com\/wp-content\/uploads\/2024\/10\/almacen-png.avif\" alt=\"Magasin\" class=\"wp-image-1151 has-transparency\" style=\"--dominant-color: #151aa5; border-radius:0px;object-fit:cover;width:60px;height:60px\" title=\"\" srcset=\"https:\/\/www.transportesmartinpina.com\/wp-content\/uploads\/2024\/10\/almacen-png.avif 512w, https:\/\/www.transportesmartinpina.com\/wp-content\/uploads\/2024\/10\/almacen-300x300.avif 300w, https:\/\/www.transportesmartinpina.com\/wp-content\/uploads\/2024\/10\/almacen-150x150.avif 150w\" sizes=\"auto, (max-width: 512px) 100vw, 512px\" \/><\/figure>\n<\/div>\n\n\n<div style=\"height:16px\" aria-hidden=\"true\" class=\"wp-block-spacer\"><\/div>\n\n\n\n<h3 class=\"wp-block-heading has-text-align-center has-neve-text-color-color has-text-color\"><strong>Stockage et atelier<\/strong><\/h3>\n\n\n\n<p class=\"has-text-align-center has-neve-text-color-color has-text-color has-link-color wp-elements-1fb1190c4656c49ff3ca627d8c23de6d\">Entrep\u00f4t \u00e9quip\u00e9 et atelier interne pour l\u2019entretien de notre flotte.<\/p>\n\n\n\n<div style=\"height:20px\" aria-hidden=\"true\" class=\"wp-block-spacer\"><\/div>\n<\/div>\n<\/div>\n\n\n\n<div style=\"height:30px\" aria-hidden=\"true\" class=\"wp-block-spacer\"><\/div>\n<\/div><\/div>\n\n\n\n<div class=\"wp-block-cover alignfull\" style=\"min-height:300px;aspect-ratio:unset;\"><span aria-hidden=\"true\" class=\"wp-block-cover__background has-neve-link-color-background-color has-background-dim-100 has-background-dim\"><\/span><div class=\"wp-block-cover__inner-container is-layout-flow wp-block-cover-is-layout-flow\">\n<div style=\"height:140px\" aria-hidden=\"true\" class=\"wp-block-spacer\"><\/div>\n\n\n\n<div class=\"wp-block-columns is-layout-flex wp-container-core-columns-is-layout-9d6595d7 wp-block-columns-is-layout-flex\">\n<div class=\"wp-block-column is-layout-flow wp-block-column-is-layout-flow\" style=\"flex-basis:20%\"><\/div>\n\n\n\n<div class=\"wp-block-column is-layout-flow wp-block-column-is-layout-flow\" style=\"flex-basis:60%\">\n<div class=\"wp-block-group\"><div class=\"wp-block-group__inner-container is-layout-constrained wp-block-group-is-layout-constrained\">\n<h2 class=\"wp-block-heading has-text-align-center has-nv-site-bg-color has-text-color\">Des questions ?<\/h2>\n\n\n\n<p class=\"has-text-align-center has-nv-site-bg-color has-text-color has-link-color wp-elements-3638b3491292494bad4bf9d28459b258\">Nous sommes pr\u00eats \u00e0 vous aider avec tous vos besoins de transport. \u00c9crivez-nous et d\u00e9couvrez comment nous pouvons faire la diff\u00e9rence.<\/p>\n<\/div><\/div>\n<\/div>\n\n\n\n<div class=\"wp-block-column is-layout-flow wp-block-column-is-layout-flow\" style=\"flex-basis:20%\"><\/div>\n<\/div>\n\n\n\n<div class=\"wp-block-buttons is-content-justification-center is-layout-flex wp-container-core-buttons-is-layout-16018d1d wp-block-buttons-is-layout-flex\">\n<div class=\"wp-block-button is-style-primary\"><a class=\"wp-block-button__link has-neve-text-color-color has-nv-site-bg-background-color has-text-color has-background has-link-color wp-element-button\" href=\"https:\/\/www.transportesmartinpina.com\/fr\/contact\/\">Contactez-nous<\/a><\/div>\n<\/div>\n\n\n\n<div style=\"height:140px\" aria-hidden=\"true\" class=\"wp-block-spacer\"><\/div>\n<\/div><\/div>\n","protected":false},"excerpt":{"rendered":"","protected":false},"author":1,"featured_media":0,"parent":0,"menu_order":0,"comment_status":"closed","ping_status":"closed","template":"","meta":{"neve_meta_sidebar":"default","neve_meta_container":"default","neve_meta_enable_content_width":"on","neve_meta_content_width":100,"neve_meta_title_alignment":"","neve_meta_author_avatar":"","neve_post_elements_order":"","neve_meta_disable_header":"","neve_meta_disable_footer":"","neve_meta_disable_title":"on","_themeisle_gutenberg_block_has_review":false,"footnotes":""},"class_list":["post-1655","page","type-page","status-publish","hentry"],"_links":{"self":[{"href":"https:\/\/www.transportesmartinpina.com\/fr\/wp-json\/wp\/v2\/pages\/1655","targetHints":{"allow":["GET"]}}],"collection":[{"href":"https:\/\/www.transportesmartinpina.com\/fr\/wp-json\/wp\/v2\/pages"}],"about":[{"href":"https:\/\/www.transportesmartinpina.com\/fr\/wp-json\/wp\/v2\/types\/page"}],"author":[{"embeddable":true,"href":"https:\/\/www.transportesmartinpina.com\/fr\/wp-json\/wp\/v2\/users\/1"}],"replies":[{"embeddable":true,"href":"https:\/\/www.transportesmartinpina.com\/fr\/wp-json\/wp\/v2\/comments?post=1655"}],"version-history":[{"count":2,"href":"https:\/\/www.transportesmartinpina.com\/fr\/wp-json\/wp\/v2\/pages\/1655\/revisions"}],"predecessor-version":[{"id":1743,"href":"https:\/\/www.transportesmartinpina.com\/fr\/wp-json\/wp\/v2\/pages\/1655\/revisions\/1743"}],"wp:attachment":[{"href":"https:\/\/www.transportesmartinpina.com\/fr\/wp-json\/wp\/v2\/media?parent=1655"}],"curies":[{"name":"wp","href":"https:\/\/api.w.org\/{rel}","templated":true}]}}