{"id":1648,"date":"2024-10-21T12:45:23","date_gmt":"2024-10-21T10:45:23","guid":{"rendered":"https:\/\/www.transportesmartinpina.com\/flota-de-vehiculos\/"},"modified":"2024-12-20T14:11:33","modified_gmt":"2024-12-20T13:11:33","slug":"flotte-de-vehicules","status":"publish","type":"page","link":"https:\/\/www.transportesmartinpina.com\/fr\/flotte-de-vehicules\/","title":{"rendered":"Flotte de v\u00e9hicules"},"content":{"rendered":"\n<div class=\"wp-block-cover alignfull\"><span aria-hidden=\"true\" class=\"wp-block-cover__background has-neve-link-hover-color-background-color has-background-dim-70 has-background-dim\"><\/span><img data-dominant-color=\"0b0b0a\" data-has-transparency=\"false\" style=\"--dominant-color: #0b0b0a;\" loading=\"lazy\" decoding=\"async\" width=\"1400\" height=\"671\" class=\"wp-block-cover__image-background wp-image-1215 not-transparent\" alt=\"Contexte3\" src=\"https:\/\/www.transportesmartinpina.com\/wp-content\/uploads\/2024\/10\/fondo3-jpg.avif\" data-object-fit=\"cover\" srcset=\"https:\/\/www.transportesmartinpina.com\/wp-content\/uploads\/2024\/10\/fondo3-jpg.avif 1400w, https:\/\/www.transportesmartinpina.com\/wp-content\/uploads\/2024\/10\/fondo3-300x144.avif 300w, https:\/\/www.transportesmartinpina.com\/wp-content\/uploads\/2024\/10\/fondo3-1024x491.avif 1024w, https:\/\/www.transportesmartinpina.com\/wp-content\/uploads\/2024\/10\/fondo3-768x368.avif 768w\" sizes=\"auto, (max-width: 1400px) 100vw, 1400px\" \/><div class=\"wp-block-cover__inner-container is-layout-constrained wp-block-cover-is-layout-constrained\">\n<h1 class=\"wp-block-heading has-text-align-center has-nv-site-bg-color has-text-color has-link-color wp-elements-0d236d1317c19b58d82431b8fa2197a3\">Flotte de v\u00e9hicules<\/h1>\n<\/div><\/div>\n\n\n\n<div class=\"wp-block-columns is-layout-flex wp-container-core-columns-is-layout-a1383269 wp-block-columns-is-layout-flex\" style=\"padding-top:var(--wp--preset--spacing--50);padding-bottom:var(--wp--preset--spacing--50)\">\n<div class=\"wp-block-column parent-sidebar is-layout-flow wp-block-column-is-layout-flow\" style=\"padding-top:var(--wp--preset--spacing--80);padding-bottom:var(--wp--preset--spacing--80);flex-basis:30%\">\n<div class=\"wp-block-columns sidebar-container2 is-layout-flex wp-container-core-columns-is-layout-6d01b2b5 wp-block-columns-is-layout-flex\" style=\"padding-top:var(--wp--preset--spacing--80);padding-bottom:var(--wp--preset--spacing--80)\">\n<div class=\"wp-block-column columna-menu-sidebar has-nv-light-bg-background-color has-background is-layout-flow wp-block-column-is-layout-flow\" style=\"padding-top:var(--wp--preset--spacing--40);padding-right:var(--wp--preset--spacing--40);padding-bottom:var(--wp--preset--spacing--40);padding-left:var(--wp--preset--spacing--40);flex-basis:100%\">\n<p class=\"item-sidebar\"><a href=\"https:\/\/www.transportesmartinpina.com\/fr\/flotte-de-vehicules\/#euro6\" data-type=\"link\" data-id=\"https:\/\/www.transportesmartinpina.com\/flota\/#euro6\">Euro 6<\/a><\/p>\n\n\n\n<p class=\"item-sidebar\"><a href=\"https:\/\/www.transportesmartinpina.com\/fr\/flotte-de-vehicules\/#remorques-mega\" data-type=\"link\" data-id=\"https:\/\/www.transportesmartinpina.com\/fr\/flotte-de-vehicules\/#remorques-mega\">Remorques mega<\/a><\/p>\n\n\n\n<p class=\"item-sidebar\"><a href=\"https:\/\/www.transportesmartinpina.com\/fr\/flotte-de-vehicules\/#gondoles\" data-type=\"link\" data-id=\"https:\/\/www.transportesmartinpina.com\/fr\/flotte-de-vehicules\/#gondoles\">Gondoles<\/a><\/p>\n\n\n\n<p class=\"item-sidebar\"><a href=\"https:\/\/www.transportesmartinpina.com\/fr\/flotte-de-vehicules\/#fourgons\" data-type=\"link\" data-id=\"https:\/\/www.transportesmartinpina.com\/fr\/flotte-de-vehicules\/#fourgons\">Fourgons<\/a><\/p>\n<\/div>\n\n\n\n<div class=\"wp-block-column columna-menu-sidebar has-nv-light-bg-background-color has-background is-layout-flow wp-block-column-is-layout-flow\" style=\"padding-top:var(--wp--preset--spacing--40);padding-right:var(--wp--preset--spacing--30);padding-bottom:var(--wp--preset--spacing--40);padding-left:var(--wp--preset--spacing--30);flex-basis:100%\">\n<p class=\"has-text-align-center\"><strong>Contactez-nous<\/strong><\/p>\n\n\n\n<div id=\"wp-block-themeisle-blocks-icon-list-2902989f\" class=\"wp-block-themeisle-blocks-icon-list ticss-48af0378\">\n<div id=\"wp-block-themeisle-blocks-icon-list-item-94e9a59b\" class=\"wp-block-themeisle-blocks-icon-list-item siderbar-iconlist\"><i class=\"fas fa-map-marker-alt wp-block-themeisle-blocks-icon-list-item-icon\"><\/i><p class=\"wp-block-themeisle-blocks-icon-list-item-content\"><a href=\"https:\/\/maps.google.com\/maps?hl=es&amp;gl=es&amp;um=1&amp;ie=UTF-8&amp;fb=1&amp;sa=X&amp;ftid=0x12a4955d2346f485:0xf9b54808698f07f1\" rel=\"noopener\">Carrer Llobateres, 1, 08210 Barber\u00e0 del Vall\u00e8s, Barcelona<\/a><\/p><\/div>\n\n\n\n<div id=\"wp-block-themeisle-blocks-icon-list-item-8a6e78df\" class=\"wp-block-themeisle-blocks-icon-list-item siderbar-iconlist\"><i class=\"fas fa-phone-alt wp-block-themeisle-blocks-icon-list-item-icon\"><\/i><p class=\"wp-block-themeisle-blocks-icon-list-item-content\"><a href=\"tel:+34937133256\">93 713 32 56<\/a> <\/p><\/div>\n\n\n\n<div id=\"wp-block-themeisle-blocks-icon-list-item-164c4a19\" class=\"wp-block-themeisle-blocks-icon-list-item siderbar-iconlist\"><i class=\"fas fa-envelope wp-block-themeisle-blocks-icon-list-item-icon\"><\/i><p class=\"wp-block-themeisle-blocks-icon-list-item-content\"><a href=\"mailto:trafico@transportesmartinpina.com\">trafico@transportesmartinpina.com<\/a><\/p><\/div>\n<\/div>\n<\/div>\n<\/div>\n<\/div>\n\n\n\n<div class=\"wp-block-column is-layout-flow wp-block-column-is-layout-flow\" style=\"flex-basis:70%\">\n<p>Chez <strong>Transportes Mart\u00edn Pina<\/strong>, nous disposons d&rsquo;une flotte vari\u00e9e et moderne qui s&rsquo;adapte aux exigences de tout type de transport, des charges conventionnelles aux marchandises sp\u00e9ciales. Notre priorit\u00e9 est de garantir que chaque exp\u00e9dition arrive \u00e0 destination en toute s\u00e9curit\u00e9, rapidement et efficacement, en r\u00e9pondant toujours aux normes les plus \u00e9lev\u00e9es de qualit\u00e9 et de durabilit\u00e9. Notre flotte est \u00e9quip\u00e9e de la technologie la plus avanc\u00e9e pour garantir une efficacit\u00e9 maximale dans chaque op\u00e9ration.<\/p>\n\n\n\n<h2 class=\"wp-block-heading\" id=\"euro6\">EURO 6<\/h2>\n\n\n\n<figure class=\"wp-block-image size-full\"><img data-dominant-color=\"778c9f\" data-has-transparency=\"false\" style=\"--dominant-color: #778c9f;\" loading=\"lazy\" decoding=\"async\" width=\"800\" height=\"600\" src=\"https:\/\/www.transportesmartinpina.com\/wp-content\/uploads\/2024\/12\/camiones-euro6.avif\" alt=\"camions euro6\" class=\"wp-image-1482 not-transparent\" srcset=\"https:\/\/www.transportesmartinpina.com\/wp-content\/uploads\/2024\/12\/camiones-euro6.avif 800w, https:\/\/www.transportesmartinpina.com\/wp-content\/uploads\/2024\/12\/camiones-euro6-300x225.avif 300w, https:\/\/www.transportesmartinpina.com\/wp-content\/uploads\/2024\/12\/camiones-euro6-768x576.avif 768w\" sizes=\"auto, (max-width: 800px) 100vw, 800px\" \/><\/figure>\n\n\n\n<div style=\"height:30px\" aria-hidden=\"true\" class=\"wp-block-spacer\"><\/div>\n\n\n\n<p>Nous sommes fiers de disposer de v\u00e9hicules Euro 6, qui non seulement respectent, mais d\u00e9passent les r\u00e9glementations environnementales les plus exigeantes.<\/p>\n\n\n\n<p>Ce type de v\u00e9hicule r\u00e9duit consid\u00e9rablement les \u00e9missions de CO2 et autres polluants, contribuant ainsi \u00e0 pr\u00e9server l\u2019environnement sans sacrifier la puissance ou l\u2019efficacit\u00e9 du transport.<\/p>\n\n\n\n<p>Gr\u00e2ce \u00e0 notre engagement envers la technologie la plus avanc\u00e9e, nous contribuons \u00e0 la durabilit\u00e9 dans le secteur du transport tout en offrant \u00e0 nos clients des solutions fiables et \u00e9cologiques pour leurs besoins logistiques.<\/p>\n\n\n\n<p>Moins d\u2019\u00e9missions, plus d\u2019efficacit\u00e9, garantissant un transport durable sans compromettre les performances.<\/p>\n\n\n\n<h2 class=\"wp-block-heading\" id=\"remorques-mega\"><strong>Remorques Mega<\/strong><\/h2>\n\n\n\n<p>Nos <strong>remorques Mega<\/strong> sont con\u00e7ues pour les transports n\u00e9cessitant une grande capacit\u00e9 volum\u00e9trique, offrant un espace suppl\u00e9mentaire gr\u00e2ce \u00e0 leur hauteur int\u00e9rieure accrue.<\/p>\n\n\n\n<p>Ces remorques sont parfaites pour les charges de grande taille, telles que des machines, des structures ou des mat\u00e9riaux volumineux d\u00e9passant les dimensions standard.<\/p>\n\n\n\n<p>Avec ce type de v\u00e9hicule, chez Transportes Mart\u00edn Pina, nous sommes pr\u00eats \u00e0 proposer des solutions sur mesure r\u00e9pondant aux exigences les plus \u00e9lev\u00e9es de nos clients.<\/p>\n\n\n\n<div class=\"wp-block-columns is-layout-flex wp-container-core-columns-is-layout-9d6595d7 wp-block-columns-is-layout-flex\">\n<div class=\"wp-block-column is-layout-flow wp-block-column-is-layout-flow\">\n<figure class=\"wp-block-image size-full\"><img data-dominant-color=\"607c7f\" data-has-transparency=\"false\" style=\"--dominant-color: #607c7f;\" loading=\"lazy\" decoding=\"async\" width=\"800\" height=\"600\" src=\"https:\/\/www.transportesmartinpina.com\/wp-content\/uploads\/2024\/12\/transportes-camion-plataforma.avif\" alt=\"Camion plate-forme de transport\" class=\"wp-image-1479 not-transparent\" srcset=\"https:\/\/www.transportesmartinpina.com\/wp-content\/uploads\/2024\/12\/transportes-camion-plataforma.avif 800w, https:\/\/www.transportesmartinpina.com\/wp-content\/uploads\/2024\/12\/transportes-camion-plataforma-300x225.avif 300w, https:\/\/www.transportesmartinpina.com\/wp-content\/uploads\/2024\/12\/transportes-camion-plataforma-768x576.avif 768w\" sizes=\"auto, (max-width: 800px) 100vw, 800px\" \/><\/figure>\n<\/div>\n<\/div>\n\n\n\n<h2 class=\"wp-block-heading\" id=\"gondoles\">Gondoles<\/h2>\n\n\n\n<p>Pour le transport de machines lourdes et de charges surdimensionn\u00e9es, nos <strong>gondoles<\/strong> sont la solution id\u00e9ale.<\/p>\n\n\n\n<p>Ces plateformes sont sp\u00e9cialement con\u00e7ues pour supporter des charges de grand poids et taille, \u00e9tant parfaites pour d\u00e9placer des \u00e9quipements tels que des grues, des excavatrices, des tracteurs et d&rsquo;autres machines industrielles.<\/p>\n\n\n\n<p>Chez Transportes Mart\u00edn Pina, nous disposons de gondoles adapt\u00e9es aux besoins les plus complexes, en garantissant le respect de toutes les r\u00e9glementations de s\u00e9curit\u00e9 et en facilitant le transport des marchandises sp\u00e9ciales avec une fiabilit\u00e9 maximale.<\/p>\n\n\n\n<div class=\"wp-block-columns is-layout-flex wp-container-core-columns-is-layout-9d6595d7 wp-block-columns-is-layout-flex\">\n<div class=\"wp-block-column is-layout-flow wp-block-column-is-layout-flow\">\n<figure class=\"wp-block-image size-full\"><img data-dominant-color=\"80959d\" data-has-transparency=\"false\" style=\"--dominant-color: #80959d;\" loading=\"lazy\" decoding=\"async\" width=\"800\" height=\"600\" src=\"https:\/\/www.transportesmartinpina.com\/wp-content\/uploads\/2024\/12\/flota-transportes-gondola.avif\" alt=\"Flotte de t\u00e9l\u00e9cabines\" class=\"wp-image-1476 not-transparent\" srcset=\"https:\/\/www.transportesmartinpina.com\/wp-content\/uploads\/2024\/12\/flota-transportes-gondola.avif 800w, https:\/\/www.transportesmartinpina.com\/wp-content\/uploads\/2024\/12\/flota-transportes-gondola-300x225.avif 300w, https:\/\/www.transportesmartinpina.com\/wp-content\/uploads\/2024\/12\/flota-transportes-gondola-768x576.avif 768w\" sizes=\"auto, (max-width: 800px) 100vw, 800px\" \/><\/figure>\n<\/div>\n<\/div>\n\n\n\n<h2 class=\"wp-block-heading\" id=\"fourgons\">Fourgons<\/h2>\n\n\n\n<p>Les <strong>fourgons<\/strong> de notre flotte sont con\u00e7us pour des transports rapides et s\u00e9curis\u00e9s de marchandises plus petites ou de grande valeur n\u00e9cessitant une manipulation soigneuse.<\/p>\n\n\n\n<p>Ces v\u00e9hicules sont id\u00e9aux pour les envois n\u00e9cessitant flexibilit\u00e9 et rapidit\u00e9, offrant des livraisons ponctuelles \u00e0 l&rsquo;\u00e9chelle nationale et internationale.<\/p>\n\n\n\n<p>De plus, nos fourgons sont enti\u00e8rement \u00e9quip\u00e9s pour garantir que les marchandises arrivent en parfait \u00e9tat, quelle que soit la distance.<\/p>\n\n\n\n<div class=\"wp-block-columns is-layout-flex wp-container-core-columns-is-layout-9d6595d7 wp-block-columns-is-layout-flex\">\n<div class=\"wp-block-column is-layout-flow wp-block-column-is-layout-flow\">\n<figure class=\"wp-block-image size-full\"><img loading=\"lazy\" decoding=\"async\" width=\"800\" height=\"600\" src=\"https:\/\/www.transportesmartinpina.com\/wp-content\/uploads\/2024\/12\/furgones-transportes-martin-pina.avif\" alt=\"Fourgons de transport Martin Pina\" class=\"wp-image-1825\" srcset=\"https:\/\/www.transportesmartinpina.com\/wp-content\/uploads\/2024\/12\/furgones-transportes-martin-pina.avif 800w, https:\/\/www.transportesmartinpina.com\/wp-content\/uploads\/2024\/12\/furgones-transportes-martin-pina-300x225.avif 300w, https:\/\/www.transportesmartinpina.com\/wp-content\/uploads\/2024\/12\/furgones-transportes-martin-pina-768x576.avif 768w\" sizes=\"auto, (max-width: 800px) 100vw, 800px\" \/><\/figure>\n<\/div>\n<\/div>\n<\/div>\n<\/div>\n\n\n\n<div class=\"wp-block-cover alignfull\" style=\"min-height:300px;aspect-ratio:unset;\"><span aria-hidden=\"true\" class=\"wp-block-cover__background has-neve-link-color-background-color has-background-dim-100 has-background-dim\"><\/span><div class=\"wp-block-cover__inner-container is-layout-flow wp-block-cover-is-layout-flow\">\n<div style=\"height:140px\" aria-hidden=\"true\" class=\"wp-block-spacer\"><\/div>\n\n\n\n<div class=\"wp-block-columns is-layout-flex wp-container-core-columns-is-layout-9d6595d7 wp-block-columns-is-layout-flex\">\n<div class=\"wp-block-column is-layout-flow wp-block-column-is-layout-flow\" style=\"flex-basis:20%\"><\/div>\n\n\n\n<div class=\"wp-block-column is-layout-flow wp-block-column-is-layout-flow\" style=\"flex-basis:60%\">\n<div class=\"wp-block-group\"><div class=\"wp-block-group__inner-container is-layout-constrained wp-block-group-is-layout-constrained\">\n<h2 class=\"wp-block-heading has-text-align-center has-nv-site-bg-color has-text-color\">Des questions ?<\/h2>\n\n\n\n<p class=\"has-text-align-center has-nv-site-bg-color has-text-color has-link-color wp-elements-3638b3491292494bad4bf9d28459b258\">Nous sommes pr\u00eats \u00e0 vous aider avec tous vos besoins de transport. \u00c9crivez-nous et d\u00e9couvrez comment nous pouvons faire la diff\u00e9rence.<\/p>\n<\/div><\/div>\n<\/div>\n\n\n\n<div class=\"wp-block-column is-layout-flow wp-block-column-is-layout-flow\" style=\"flex-basis:20%\"><\/div>\n<\/div>\n\n\n\n<div class=\"wp-block-buttons is-content-justification-center is-layout-flex wp-container-core-buttons-is-layout-16018d1d wp-block-buttons-is-layout-flex\">\n<div class=\"wp-block-button is-style-primary\"><a class=\"wp-block-button__link has-neve-text-color-color has-nv-site-bg-background-color has-text-color has-background has-link-color wp-element-button\" href=\"https:\/\/www.transportesmartinpina.com\/fr\/contact\/\">Contactez-nous<\/a><\/div>\n<\/div>\n\n\n\n<div style=\"height:140px\" aria-hidden=\"true\" class=\"wp-block-spacer\"><\/div>\n<\/div><\/div>\n","protected":false},"excerpt":{"rendered":"<p>Euro 6 Remorques mega Gondoles Fourgons Contactez-nous Chez Transportes Mart\u00edn Pina, nous disposons d&rsquo;une flotte vari\u00e9e et moderne qui s&rsquo;adapte aux exigences de tout type de transport, des charges conventionnelles aux marchandises sp\u00e9ciales. Notre priorit\u00e9 est de garantir que chaque exp\u00e9dition arrive \u00e0 destination en toute s\u00e9curit\u00e9, rapidement et efficacement, en r\u00e9pondant toujours aux normes&hellip;&nbsp;<a href=\"https:\/\/www.transportesmartinpina.com\/fr\/flotte-de-vehicules\/\" rel=\"bookmark\">Lire la suite &raquo;<span class=\"screen-reader-text\">Flotte de v\u00e9hicules<\/span><\/a><\/p>\n","protected":false},"author":1,"featured_media":0,"parent":0,"menu_order":0,"comment_status":"closed","ping_status":"closed","template":"","meta":{"neve_meta_sidebar":"","neve_meta_container":"default","neve_meta_enable_content_width":"","neve_meta_content_width":0,"neve_meta_title_alignment":"","neve_meta_author_avatar":"","neve_post_elements_order":"","neve_meta_disable_header":"","neve_meta_disable_footer":"","neve_meta_disable_title":"on","_themeisle_gutenberg_block_has_review":false,"footnotes":""},"class_list":["post-1648","page","type-page","status-publish","hentry"],"_links":{"self":[{"href":"https:\/\/www.transportesmartinpina.com\/fr\/wp-json\/wp\/v2\/pages\/1648","targetHints":{"allow":["GET"]}}],"collection":[{"href":"https:\/\/www.transportesmartinpina.com\/fr\/wp-json\/wp\/v2\/pages"}],"about":[{"href":"https:\/\/www.transportesmartinpina.com\/fr\/wp-json\/wp\/v2\/types\/page"}],"author":[{"embeddable":true,"href":"https:\/\/www.transportesmartinpina.com\/fr\/wp-json\/wp\/v2\/users\/1"}],"replies":[{"embeddable":true,"href":"https:\/\/www.transportesmartinpina.com\/fr\/wp-json\/wp\/v2\/comments?post=1648"}],"version-history":[{"count":5,"href":"https:\/\/www.transportesmartinpina.com\/fr\/wp-json\/wp\/v2\/pages\/1648\/revisions"}],"predecessor-version":[{"id":1832,"href":"https:\/\/www.transportesmartinpina.com\/fr\/wp-json\/wp\/v2\/pages\/1648\/revisions\/1832"}],"wp:attachment":[{"href":"https:\/\/www.transportesmartinpina.com\/fr\/wp-json\/wp\/v2\/media?parent=1648"}],"curies":[{"name":"wp","href":"https:\/\/api.w.org\/{rel}","templated":true}]}}