{"id":1628,"date":"2024-10-10T13:48:09","date_gmt":"2024-10-10T11:48:09","guid":{"rendered":"https:\/\/www.transportesmartinpina.com\/servicios\/"},"modified":"2024-12-20T14:11:25","modified_gmt":"2024-12-20T13:11:25","slug":"nos-services","status":"publish","type":"page","link":"https:\/\/www.transportesmartinpina.com\/fr\/nos-services\/","title":{"rendered":"Nos services"},"content":{"rendered":"\n<div class=\"wp-block-cover alignfull\"><span aria-hidden=\"true\" class=\"wp-block-cover__background has-neve-link-hover-color-background-color has-background-dim-70 has-background-dim\"><\/span><img data-dominant-color=\"0b0b0a\" data-has-transparency=\"false\" style=\"--dominant-color: #0b0b0a;\" loading=\"lazy\" decoding=\"async\" width=\"1400\" height=\"671\" class=\"wp-block-cover__image-background wp-image-1215 not-transparent\" alt=\"Contexte3\" src=\"https:\/\/www.transportesmartinpina.com\/wp-content\/uploads\/2024\/10\/fondo3-jpg.avif\" data-object-fit=\"cover\" srcset=\"https:\/\/www.transportesmartinpina.com\/wp-content\/uploads\/2024\/10\/fondo3-jpg.avif 1400w, https:\/\/www.transportesmartinpina.com\/wp-content\/uploads\/2024\/10\/fondo3-300x144.avif 300w, https:\/\/www.transportesmartinpina.com\/wp-content\/uploads\/2024\/10\/fondo3-1024x491.avif 1024w, https:\/\/www.transportesmartinpina.com\/wp-content\/uploads\/2024\/10\/fondo3-768x368.avif 768w\" sizes=\"auto, (max-width: 1400px) 100vw, 1400px\" \/><div class=\"wp-block-cover__inner-container is-layout-constrained wp-block-cover-is-layout-constrained\">\n<h1 class=\"wp-block-heading has-text-align-center has-nv-site-bg-color has-text-color has-link-color wp-elements-ce4455796ecd294b36daad7cb89ac67c\"><strong>Nos services<\/strong><\/h1>\n<\/div><\/div>\n\n\n\n<div class=\"wp-block-columns is-layout-flex wp-container-core-columns-is-layout-a1383269 wp-block-columns-is-layout-flex\" style=\"padding-top:var(--wp--preset--spacing--50);padding-bottom:var(--wp--preset--spacing--50)\">\n<div class=\"wp-block-column parent-sidebar is-layout-flow wp-block-column-is-layout-flow\" style=\"padding-top:var(--wp--preset--spacing--80);padding-bottom:var(--wp--preset--spacing--80);flex-basis:30%\">\n<div class=\"wp-block-columns sidebar-container is-layout-flex wp-container-core-columns-is-layout-9d6595d7 wp-block-columns-is-layout-flex\">\n<div class=\"wp-block-column columna-menu-sidebar has-nv-light-bg-background-color has-background is-layout-flow wp-block-column-is-layout-flow\" style=\"padding-top:var(--wp--preset--spacing--40);padding-right:var(--wp--preset--spacing--40);padding-bottom:var(--wp--preset--spacing--40);padding-left:var(--wp--preset--spacing--40);flex-basis:100%\">\n<p class=\"item-sidebar\"><a href=\"https:\/\/www.transportesmartinpina.com\/fr\/nos-services\/#chargements-complets\" data-type=\"link\" data-id=\"https:\/\/www.transportesmartinpina.com\/fr\/nos-services\/#chargements-complets\">Chargements complets et groupage<\/a><\/p>\n\n\n\n<p class=\"item-sidebar\"><a href=\"https:\/\/www.transportesmartinpina.com\/fr\/nos-services\/#national\" data-type=\"link\" data-id=\"https:\/\/www.transportesmartinpina.com\/fr\/nos-services\/#national\">Transport national<\/a><\/p>\n\n\n\n<p class=\"item-sidebar\"><a href=\"https:\/\/www.transportesmartinpina.com\/fr\/nos-services\/#international\" data-type=\"link\" data-id=\"https:\/\/www.transportesmartinpina.com\/servicios\/#internacional\">Transport international<\/a><\/p>\n\n\n\n<p class=\"item-sidebar\"><a href=\"https:\/\/www.transportesmartinpina.com\/fr\/nos-services\/#marchandises-dangereuses\" data-type=\"link\" data-id=\"https:\/\/www.transportesmartinpina.com\/fr\/nos-services\/#marchandises-dangereuses\">Marchandises dangereuses<\/a><\/p>\n\n\n\n<p class=\"item-sidebar\"><a href=\"https:\/\/www.transportesmartinpina.com\/fr\/nos-services\/#speciaux\" data-type=\"link\" data-id=\"https:\/\/www.transportesmartinpina.com\/fr\/nos-services\/#speciaux\">Transports <\/a><a href=\"https:\/\/www.transportesmartinpina.com\/fr\/nos-services\/#sp\u00e9ciaux\" data-type=\"link\" data-id=\"https:\/\/www.transportesmartinpina.com\/fr\/nos-services\/#sp\u00e9ciaux\">sp\u00e9ciaux<\/a><\/p>\n\n\n\n<p class=\"item-sidebar\"><a href=\"https:\/\/www.transportesmartinpina.com\/fr\/nos-services\/#operateur-transport\" data-type=\"link\" data-id=\"https:\/\/www.transportesmartinpina.com\/fr\/nos-services\/#operateur-transport\">Op\u00e9rateur de transport<\/a><\/p>\n<\/div>\n\n\n\n<div class=\"wp-block-column columna-menu-sidebar has-nv-light-bg-background-color has-background is-layout-flow wp-block-column-is-layout-flow\" style=\"padding-top:var(--wp--preset--spacing--40);padding-right:var(--wp--preset--spacing--30);padding-bottom:var(--wp--preset--spacing--40);padding-left:var(--wp--preset--spacing--30);flex-basis:100%\">\n<p class=\"has-text-align-center\"><strong>Contactez-nous<\/strong><\/p>\n\n\n\n<div id=\"wp-block-themeisle-blocks-icon-list-2902989f\" class=\"wp-block-themeisle-blocks-icon-list ticss-48af0378\">\n<div id=\"wp-block-themeisle-blocks-icon-list-item-94e9a59b\" class=\"wp-block-themeisle-blocks-icon-list-item siderbar-iconlist\"><i class=\"fas fa-map-marker-alt wp-block-themeisle-blocks-icon-list-item-icon\"><\/i><p class=\"wp-block-themeisle-blocks-icon-list-item-content\"><a href=\"https:\/\/maps.google.com\/maps?hl=es&amp;gl=es&amp;um=1&amp;ie=UTF-8&amp;fb=1&amp;sa=X&amp;ftid=0x12a4955d2346f485:0xf9b54808698f07f1\" rel=\"noopener\">Carrer Llobateres, 1, 08210 Barber\u00e0 del Vall\u00e8s, Barcelona<\/a><\/p><\/div>\n\n\n\n<div id=\"wp-block-themeisle-blocks-icon-list-item-8a6e78df\" class=\"wp-block-themeisle-blocks-icon-list-item siderbar-iconlist\"><i class=\"fas fa-phone-alt wp-block-themeisle-blocks-icon-list-item-icon\"><\/i><p class=\"wp-block-themeisle-blocks-icon-list-item-content\"><a href=\"tel:+34937133256\">93 713 32 56<\/a> <\/p><\/div>\n\n\n\n<div id=\"wp-block-themeisle-blocks-icon-list-item-164c4a19\" class=\"wp-block-themeisle-blocks-icon-list-item siderbar-iconlist\"><i class=\"fas fa-envelope wp-block-themeisle-blocks-icon-list-item-icon\"><\/i><p class=\"wp-block-themeisle-blocks-icon-list-item-content\"><a href=\"mailto:trafico@transportesmartinpina.com\">trafico@transportesmartinpina.com<\/a><\/p><\/div>\n<\/div>\n<\/div>\n<\/div>\n<\/div>\n\n\n\n<div class=\"wp-block-column is-layout-flow wp-block-column-is-layout-flow\" style=\"flex-basis:70%\">\n<h2 class=\"wp-block-heading\" id=\"chargements-complets\"><strong>Chargements complets et groupage<\/strong><\/h2>\n\n\n\n<figure class=\"wp-block-image size-full\"><img data-dominant-color=\"778c9f\" data-has-transparency=\"false\" style=\"--dominant-color: #778c9f;\" loading=\"lazy\" decoding=\"async\" width=\"800\" height=\"600\" src=\"https:\/\/www.transportesmartinpina.com\/wp-content\/uploads\/2024\/12\/camiones-euro6.avif\" alt=\"camions euro6\" class=\"wp-image-1482 not-transparent\" srcset=\"https:\/\/www.transportesmartinpina.com\/wp-content\/uploads\/2024\/12\/camiones-euro6.avif 800w, https:\/\/www.transportesmartinpina.com\/wp-content\/uploads\/2024\/12\/camiones-euro6-300x225.avif 300w, https:\/\/www.transportesmartinpina.com\/wp-content\/uploads\/2024\/12\/camiones-euro6-768x576.avif 768w\" sizes=\"auto, (max-width: 800px) 100vw, 800px\" \/><\/figure>\n\n\n\n<div style=\"height:30px\" aria-hidden=\"true\" class=\"wp-block-spacer\"><\/div>\n\n\n\n<p>Chez <strong>Transportes Mart\u00edn Pina<\/strong>, nous proposons des solutions de transport flexibles pour tous types de marchandises. Avec notre service de chargements complets, vos marchandises voyagent sans partager d\u2019espace, garantissant rapidit\u00e9 et s\u00e9curit\u00e9. Nous g\u00e9rons \u00e9galement des groupages, permettant \u00e0 plusieurs chargements de diff\u00e9rents clients de partager le m\u00eame trajet, r\u00e9duisant ainsi les co\u00fbts et maximisant l\u2019efficacit\u00e9.<\/p>\n\n\n\n<h2 class=\"wp-block-heading\" id=\"national\"><strong>Transport national<\/strong><\/h2>\n\n\n\n<p>Service de transport national couvrant tout le territoire. Nous livrons vos marchandises rapidement et en toute s\u00e9curit\u00e9, en garantissant une logistique optimale pour r\u00e9pondre \u00e0 vos besoins professionnels.<\/p>\n\n\n\n<div class=\"wp-block-columns is-layout-flex wp-container-core-columns-is-layout-9d6595d7 wp-block-columns-is-layout-flex\">\n<div class=\"wp-block-column is-layout-flow wp-block-column-is-layout-flow\">\n<figure class=\"wp-block-image size-full\"><img data-dominant-color=\"878d8e\" data-has-transparency=\"false\" style=\"--dominant-color: #878d8e;\" loading=\"lazy\" decoding=\"async\" width=\"900\" height=\"600\" src=\"https:\/\/www.transportesmartinpina.com\/wp-content\/uploads\/2024\/10\/empresa-logistica-transporte-nacional-jpg.avif\" alt=\"Entreprise nationale de logistique de transport\" class=\"wp-image-1163 not-transparent\" srcset=\"https:\/\/www.transportesmartinpina.com\/wp-content\/uploads\/2024\/10\/empresa-logistica-transporte-nacional-jpg.avif 900w, https:\/\/www.transportesmartinpina.com\/wp-content\/uploads\/2024\/10\/empresa-logistica-transporte-nacional-300x200.avif 300w, https:\/\/www.transportesmartinpina.com\/wp-content\/uploads\/2024\/10\/empresa-logistica-transporte-nacional-768x512.avif 768w\" sizes=\"auto, (max-width: 900px) 100vw, 900px\" \/><\/figure>\n<\/div>\n<\/div>\n\n\n\n<h2 class=\"wp-block-heading\" id=\"international\"><strong>Transport international<\/strong><\/h2>\n\n\n\n<p>Nous connectons votre entreprise aux march\u00e9s internationaux. Nous proposons des services de transport terrestre, maritime et a\u00e9rien pour assurer la livraison s\u00e9curis\u00e9e et ponctuelle de vos marchandises, quel que soit le lieu de destination.<\/p>\n\n\n\n<div class=\"wp-block-columns is-layout-flex wp-container-core-columns-is-layout-9d6595d7 wp-block-columns-is-layout-flex\">\n<div class=\"wp-block-column is-layout-flow wp-block-column-is-layout-flow\">\n<figure class=\"wp-block-image size-full\"><img data-dominant-color=\"58696f\" data-has-transparency=\"false\" style=\"--dominant-color: #58696f;\" loading=\"lazy\" decoding=\"async\" width=\"900\" height=\"600\" src=\"https:\/\/www.transportesmartinpina.com\/wp-content\/uploads\/2024\/10\/empresa-logistica-transportes-internacionales-jpg.avif\" alt=\"Entreprise de logistique de transport international\" class=\"wp-image-1167 not-transparent\" srcset=\"https:\/\/www.transportesmartinpina.com\/wp-content\/uploads\/2024\/10\/empresa-logistica-transportes-internacionales-jpg.avif 900w, https:\/\/www.transportesmartinpina.com\/wp-content\/uploads\/2024\/10\/empresa-logistica-transportes-internacionales-300x200.avif 300w, https:\/\/www.transportesmartinpina.com\/wp-content\/uploads\/2024\/10\/empresa-logistica-transportes-internacionales-768x512.avif 768w\" sizes=\"auto, (max-width: 900px) 100vw, 900px\" \/><\/figure>\n<\/div>\n<\/div>\n\n\n\n<h2 class=\"wp-block-heading\" id=\"marchandises-dangereuses\"><strong>Transport de marchandises dangereuses<\/strong><\/h2>\n\n\n\n<p>Nous garantissons le transport s\u00e9curis\u00e9 et conforme \u00e0 la r\u00e9glementation des marchandises dangereuses, avec des v\u00e9hicules sp\u00e9cialis\u00e9s et un personnel form\u00e9 pour respecter les normes de s\u00e9curit\u00e9 les plus strictes.<\/p>\n\n\n\n<div class=\"wp-block-columns is-layout-flex wp-container-core-columns-is-layout-9d6595d7 wp-block-columns-is-layout-flex\">\n<div class=\"wp-block-column is-layout-flow wp-block-column-is-layout-flow\">\n<figure class=\"wp-block-image size-full\"><img data-dominant-color=\"875e4e\" data-has-transparency=\"false\" style=\"--dominant-color: #875e4e;\" loading=\"lazy\" decoding=\"async\" width=\"900\" height=\"600\" src=\"https:\/\/www.transportesmartinpina.com\/wp-content\/uploads\/2024\/10\/transporte-mercancias-peligrosas-jpg.avif\" alt=\"Transporter des marchandises dangereuses\" class=\"wp-image-1339 not-transparent\" srcset=\"https:\/\/www.transportesmartinpina.com\/wp-content\/uploads\/2024\/10\/transporte-mercancias-peligrosas-jpg.avif 900w, https:\/\/www.transportesmartinpina.com\/wp-content\/uploads\/2024\/10\/transporte-mercancias-peligrosas-300x200.avif 300w, https:\/\/www.transportesmartinpina.com\/wp-content\/uploads\/2024\/10\/transporte-mercancias-peligrosas-768x512.avif 768w\" sizes=\"auto, (max-width: 900px) 100vw, 900px\" \/><\/figure>\n<\/div>\n<\/div>\n\n\n\n<h2 class=\"wp-block-heading\" id=\"speciaux\"><strong>Transports sp\u00e9ciaux<\/strong><\/h2>\n\n\n\n<p>Nous offrons des solutions sur mesure pour les charges volumineuses ou lourdes, en utilisant des v\u00e9hicules et des \u00e9quipements sp\u00e9cialis\u00e9s pour transporter des marchandises non conventionnelles avec la plus grande s\u00e9curit\u00e9 et efficacit\u00e9.<\/p>\n\n\n\n<div class=\"wp-block-columns is-layout-flex wp-container-core-columns-is-layout-9d6595d7 wp-block-columns-is-layout-flex\">\n<div class=\"wp-block-column is-layout-flow wp-block-column-is-layout-flow\">\n<figure class=\"wp-block-image size-full\"><img data-dominant-color=\"888c9b\" data-has-transparency=\"false\" style=\"--dominant-color: #888c9b;\" loading=\"lazy\" decoding=\"async\" width=\"900\" height=\"600\" src=\"https:\/\/www.transportesmartinpina.com\/wp-content\/uploads\/2024\/10\/cargas-especiales-jpeg.avif\" alt=\"Charges sp\u00e9ciales\" class=\"wp-image-1178 not-transparent\" srcset=\"https:\/\/www.transportesmartinpina.com\/wp-content\/uploads\/2024\/10\/cargas-especiales-jpeg.avif 900w, https:\/\/www.transportesmartinpina.com\/wp-content\/uploads\/2024\/10\/cargas-especiales-300x200.avif 300w, https:\/\/www.transportesmartinpina.com\/wp-content\/uploads\/2024\/10\/cargas-especiales-768x512.avif 768w\" sizes=\"auto, (max-width: 900px) 100vw, 900px\" \/><\/figure>\n<\/div>\n<\/div>\n\n\n\n<h2 class=\"wp-block-heading\" id=\"operateur-transport\"><strong>Op\u00e9rateur de transport (OT)<\/strong><\/h2>\n\n\n\n<p>En tant qu&rsquo;op\u00e9rateur logistique int\u00e9gral, nous g\u00e9rons tous vos besoins de transport, en optimisant les ressources et les itin\u00e9raires pour vous offrir un service efficace et coordonn\u00e9 \u00e0 l&rsquo;\u00e9chelle nationale et internationale.<\/p>\n\n\n\n<div class=\"wp-block-columns is-layout-flex wp-container-core-columns-is-layout-9d6595d7 wp-block-columns-is-layout-flex\">\n<div class=\"wp-block-column is-layout-flow wp-block-column-is-layout-flow\">\n<figure class=\"wp-block-image size-full\"><img data-dominant-color=\"797a76\" data-has-transparency=\"false\" style=\"--dominant-color: #797a76;\" loading=\"lazy\" decoding=\"async\" width=\"900\" height=\"600\" src=\"https:\/\/www.transportesmartinpina.com\/wp-content\/uploads\/2024\/10\/parking-camiones-jpg.avif\" alt=\"Stationnement des camions\" class=\"wp-image-1181 not-transparent\" srcset=\"https:\/\/www.transportesmartinpina.com\/wp-content\/uploads\/2024\/10\/parking-camiones-jpg.avif 900w, https:\/\/www.transportesmartinpina.com\/wp-content\/uploads\/2024\/10\/parking-camiones-300x200.avif 300w, https:\/\/www.transportesmartinpina.com\/wp-content\/uploads\/2024\/10\/parking-camiones-768x512.avif 768w\" sizes=\"auto, (max-width: 900px) 100vw, 900px\" \/><\/figure>\n<\/div>\n<\/div>\n<\/div>\n<\/div>\n\n\n\n<div class=\"wp-block-cover alignfull\" style=\"min-height:300px;aspect-ratio:unset;\"><span aria-hidden=\"true\" class=\"wp-block-cover__background has-neve-link-color-background-color has-background-dim-100 has-background-dim\"><\/span><div class=\"wp-block-cover__inner-container is-layout-flow wp-block-cover-is-layout-flow\">\n<div style=\"height:140px\" aria-hidden=\"true\" class=\"wp-block-spacer\"><\/div>\n\n\n\n<div class=\"wp-block-columns is-layout-flex wp-container-core-columns-is-layout-9d6595d7 wp-block-columns-is-layout-flex\">\n<div class=\"wp-block-column is-layout-flow wp-block-column-is-layout-flow\" style=\"flex-basis:20%\"><\/div>\n\n\n\n<div class=\"wp-block-column is-layout-flow wp-block-column-is-layout-flow\" style=\"flex-basis:60%\">\n<div class=\"wp-block-group\"><div class=\"wp-block-group__inner-container is-layout-constrained wp-block-group-is-layout-constrained\">\n<h2 class=\"wp-block-heading has-text-align-center has-nv-site-bg-color has-text-color\">Des questions ?<\/h2>\n\n\n\n<p class=\"has-text-align-center has-nv-site-bg-color has-text-color has-link-color wp-elements-3638b3491292494bad4bf9d28459b258\">Nous sommes pr\u00eats \u00e0 vous aider avec tous vos besoins de transport. \u00c9crivez-nous et d\u00e9couvrez comment nous pouvons faire la diff\u00e9rence.<\/p>\n<\/div><\/div>\n<\/div>\n\n\n\n<div class=\"wp-block-column is-layout-flow wp-block-column-is-layout-flow\" style=\"flex-basis:20%\"><\/div>\n<\/div>\n\n\n\n<div class=\"wp-block-buttons is-content-justification-center is-layout-flex wp-container-core-buttons-is-layout-16018d1d wp-block-buttons-is-layout-flex\">\n<div class=\"wp-block-button is-style-primary\"><a class=\"wp-block-button__link has-neve-text-color-color has-nv-site-bg-background-color has-text-color has-background has-link-color wp-element-button\" href=\"https:\/\/www.transportesmartinpina.com\/fr\/contact\/\">Contactez-nous<\/a><\/div>\n<\/div>\n\n\n\n<div style=\"height:140px\" aria-hidden=\"true\" class=\"wp-block-spacer\"><\/div>\n<\/div><\/div>\n","protected":false},"excerpt":{"rendered":"<p>Chargements complets et groupage Transport national Transport international Marchandises dangereuses Transports sp\u00e9ciaux Op\u00e9rateur de transport Contactez-nous Chargements complets et groupage Chez Transportes Mart\u00edn Pina, nous proposons des solutions de transport flexibles pour tous types de marchandises. Avec notre service de chargements complets, vos marchandises voyagent sans partager d\u2019espace, garantissant rapidit\u00e9 et s\u00e9curit\u00e9. Nous g\u00e9rons \u00e9galement&hellip;&nbsp;<a href=\"https:\/\/www.transportesmartinpina.com\/fr\/nos-services\/\" rel=\"bookmark\">Lire la suite &raquo;<span class=\"screen-reader-text\">Nos services<\/span><\/a><\/p>\n","protected":false},"author":1,"featured_media":0,"parent":0,"menu_order":0,"comment_status":"closed","ping_status":"closed","template":"","meta":{"neve_meta_sidebar":"","neve_meta_container":"default","neve_meta_enable_content_width":"","neve_meta_content_width":0,"neve_meta_title_alignment":"","neve_meta_author_avatar":"","neve_post_elements_order":"","neve_meta_disable_header":"","neve_meta_disable_footer":"","neve_meta_disable_title":"on","_themeisle_gutenberg_block_has_review":false,"footnotes":""},"class_list":["post-1628","page","type-page","status-publish","hentry"],"_links":{"self":[{"href":"https:\/\/www.transportesmartinpina.com\/fr\/wp-json\/wp\/v2\/pages\/1628","targetHints":{"allow":["GET"]}}],"collection":[{"href":"https:\/\/www.transportesmartinpina.com\/fr\/wp-json\/wp\/v2\/pages"}],"about":[{"href":"https:\/\/www.transportesmartinpina.com\/fr\/wp-json\/wp\/v2\/types\/page"}],"author":[{"embeddable":true,"href":"https:\/\/www.transportesmartinpina.com\/fr\/wp-json\/wp\/v2\/users\/1"}],"replies":[{"embeddable":true,"href":"https:\/\/www.transportesmartinpina.com\/fr\/wp-json\/wp\/v2\/comments?post=1628"}],"version-history":[{"count":6,"href":"https:\/\/www.transportesmartinpina.com\/fr\/wp-json\/wp\/v2\/pages\/1628\/revisions"}],"predecessor-version":[{"id":1734,"href":"https:\/\/www.transportesmartinpina.com\/fr\/wp-json\/wp\/v2\/pages\/1628\/revisions\/1734"}],"wp:attachment":[{"href":"https:\/\/www.transportesmartinpina.com\/fr\/wp-json\/wp\/v2\/media?parent=1628"}],"curies":[{"name":"wp","href":"https:\/\/api.w.org\/{rel}","templated":true}]}}