{"id":983,"date":"2024-10-04T13:24:19","date_gmt":"2024-10-04T11:24:19","guid":{"rendered":"https:\/\/www.transportesmartinpina.com\/aviso-legal\/"},"modified":"2025-01-07T08:22:56","modified_gmt":"2025-01-07T07:22:56","slug":"legal-notice","status":"publish","type":"page","link":"https:\/\/www.transportesmartinpina.com\/en\/legal-notice\/","title":{"rendered":"Legal notice"},"content":{"rendered":"\n<p>In compliance with the provisions of Article 10 of Law 34\/2002, of July 11, on Information Society Services and Electronic Commerce (LSSI-CE), it is hereby informed that this website is owned by the company Transportes Mart\u00edn Pina S.L.U.<\/p>\n\n\n\n<p><strong>Corporate Name<\/strong>: Transportes Mart\u00edn Pina S.L.U.<br><strong>Address<\/strong>: Carrer Llobateres, 1, 08210 Barber\u00e0 del Vall\u00e8s, Barcelona (Spain)<br><strong>Tax ID (CIF)<\/strong>: B62477781<br><strong>Phone<\/strong>: 93 713 32 56<br><strong>Contact Email<\/strong>: <a>trafico@transportesmartinpina.com<\/a><\/p>\n\n\n\n<p>To use the Website, the user must explicitly accept all the clauses set out in this Legal Notice, as well as any specific warnings or clauses established for contracting certain services, products, or using areas of the Website.<\/p>\n\n\n\n<p>If the user does not accept the clauses outlined in this Legal Notice, they must refrain from accessing and\/or using the services and\/or content made available on the Website and proceed to leave it.<\/p>\n\n\n\n<p><strong>USE OF THE WEBSITE<\/strong><\/p>\n\n\n\n<p>The user agrees not to use the Website for activities contrary to the law, morality, public order, and, in general, to use it in accordance with the conditions set forth in this Legal Notice. The user also agrees not to engage in advertising or commercial activities by sending messages that use a false identity.<\/p>\n\n\n\n<p>The Company acts solely as the manager of the Website in its role as a provider of information about its own services and is not responsible for content that users may send or publish in violation of these general conditions. The user is solely responsible for the accuracy and legality of such content.<\/p>\n\n\n\n<p>The Company may interrupt the Website&#8217;s service being used by the user and immediately terminate the relationship with the user if it detects any use of the Website or its offered services that may be deemed contrary to the provisions of this Legal Notice.<\/p>\n\n\n\n<p><strong>INTELLECTUAL AND INDUSTRIAL PROPERTY<\/strong><\/p>\n\n\n\n<p>The entire Website\u2014text, images, trademarks, graphics, logos, software files, color combinations, as well as the structure, selection, arrangement, and presentation of its content\u2014is protected by Intellectual and Industrial Property laws, and its reproduction, distribution, public communication, and transformation are prohibited, except for personal and private use.<\/p>\n\n\n\n<p>The Company does not guarantee the accuracy or error-free nature of the content, nor that the free use of such content by the user does not infringe the rights of third parties. The user is responsible for the proper or improper use of this website and its contents.<\/p>\n\n\n\n<p>Moreover, the reproduction, retransmission, copying, transfer, or redistribution, in whole or in part, of the information contained on the Website, regardless of its purpose and the means used, is prohibited without prior authorization from the Company.<\/p>\n\n\n\n<p><strong>LINKS<\/strong><\/p>\n\n\n\n<p>The Website may include links to third-party sites. Third-party pages have not been reviewed nor are they subject to controls by the Company. In any case, the Company cannot be held responsible for the content of these websites or the measures they adopt regarding privacy or the handling of personal data.<\/p>\n\n\n\n<p>The Company recommends carefully reading the terms of use and privacy policies of these third-party sites.<\/p>\n\n\n\n<p>If you are interested in activating a link to one of the Company&#8217;s pages, you must request and obtain express consent to create the link. The Company reserves the right to object to the activation of links to its website.<\/p>\n\n\n\n<p><strong>MINORS<\/strong><\/p>\n\n\n\n<p>The Company reminds adult users responsible for minors that they are solely responsible for determining which services and\/or content are not appropriate for the minors&#8217; age.<\/p>\n\n\n\n<p>The Company informs users that there are software programs available that allow filtering and blocking access to specific content and services, enabling parents or guardians to decide which Internet content and services minors may or may not access.<\/p>\n\n\n\n<p><strong>LIABILITIES<\/strong><\/p>\n\n\n\n<p>The Company is not directly or indirectly responsible for:<\/p>\n\n\n\n<ul class=\"wp-block-list\">\n<li>The quality of the service, the speed of access, the proper functioning, or the availability and continuity of the Website&#8217;s operation.<\/li>\n\n\n\n<li>Damages that may be caused to the user&#8217;s equipment by using the Website.<\/li>\n\n\n\n<li>Cases where a third party, in violation of the security measures in place, accesses messages or uses them to transmit computer viruses.<\/li>\n\n\n\n<li>The legality, reliability, or usefulness of the content that users transmit through the Website or the services offered on it, as well as its accuracy or truthfulness. The Company does not control the use that users make of the Website and does not guarantee that they will comply with this Legal Notice.<\/li>\n<\/ul>\n\n\n\n<p>For example, and not limited to, the user will be responsible for:<\/p>\n\n\n\n<ul class=\"wp-block-list\">\n<li>The content they introduce, especially for the data and information sent to the Company through the Website.<\/li>\n\n\n\n<li>Engaging in any unlawful actions, infringing rights, causing harm, and\/or being detrimental to others.<\/li>\n\n\n\n<li>The safekeeping of their username and password, ensuring that they are not shared with third parties to prevent identity theft or the submission of inaccurate or incorrect data.<\/li>\n<\/ul>\n\n\n\n<p><strong>JURISDICTION<\/strong><\/p>\n\n\n\n<p>This Legal Notice is written in Spanish and is subject to the current laws of Spain. For any disputes arising from the use of the services offered or the content provided on the Website, the parties, by accepting this Legal Notice, submit to the competent Courts and Tribunals of Barcelona.<\/p>\n\n\n\n<p><strong>PRIVACY POLICY AND DATA PROTECTION<\/strong><\/p>\n\n\n\n<p>Transportes Mart\u00edn Pina S.L.U (the Company) informs the users of the website <a href=\"http:\/\/www.transportesmartinpina.com\">www.transportesmartinpina.com<\/a> (the Website) about the applicable regulations on the protection of personal data, user privacy, and the confidentiality and security of personal data.<\/p>\n\n\n\n<p>For this purpose, technical and organizational measures are implemented to ensure the security of the personal data contained therein and to prevent their alteration, loss, processing, or unauthorized access, taking into account the state of the technology, the nature of the data, and the risks to which they are exposed.<\/p>\n\n\n\n<p>The personal data provided will be included in files, whether manual or automated, registered with the Spanish Data Protection Agency, under the ownership of the Company, which will use them for the proper management of the contractual relationship.<\/p>\n\n\n\n<p>We inform you that you may exercise your rights of access, rectification, and cancellation by written communication addressed to the Company&#8217;s registered office at C\/ Santiago Rusinyol 14 Nave B7 Plg. Ind. Can Humet, 08213 Poliny\u00e0 (BARCELONA).<\/p>\n\n\n\n<p>THERE IS A SPECIFIC LINK ON OUR WEBSITE ABOUT OUR PRIVACY POLICY: PRIVACY POLICY.<\/p>\n\n\n\n<p>The user is solely responsible for the accuracy of the data provided to the Company.<\/p>\n\n\n\n<p>Browsing the Website leaves a trail of the IP address assigned by your access provider. This data will only be used to generate statistical data about the Website.<\/p>\n\n\n\n<p>The Company manages its server environment appropriately and has a firewall infrastructure in strict compliance. It continuously uses current technologies to ensure that the confidentiality and privacy of information are not compromised.<\/p>\n\n\n\n<p><strong>Inclusion of Social Network Plug-ins (Facebook)<\/strong><\/p>\n\n\n\n<p>Our website uses social network plug-ins (&#8220;plug-ins&#8221;) from the social network facebook.com, operated by Facebook Inc., located at 1601 S. California Ave, Palo Alto, CA 94304, USA. The plug-ins are recognizable by the Facebook logo or the text &#8220;Facebook Social Network Plug-in.&#8221;<\/p>\n\n\n\n<p>When a user visits a webpage on our site that contains this button, their browser establishes a direct connection with Facebook&#8217;s servers. The content of the plug-in is transmitted directly from Facebook to the user&#8217;s browser and incorporated into the website. Therefore, we have no control over the data Facebook collects with the help of this plug-in, and to the best of our knowledge, we inform the users of twago&#8217;s platform that:<\/p>\n\n\n\n<p>With the integration of the plug-in, Facebook is notified that the user has visited a page on our website. If the user is logged in as a Facebook member, Facebook can associate their visit with their Facebook account. If the user interacts with the plug-ins, for example, by clicking the &#8220;Like&#8221; button or posting a comment, the relevant information from the user&#8217;s browser will be transmitted directly to Facebook and stored there. Even if the user is not a Facebook member, Facebook may still detect and store their IP address.<\/p>\n\n\n\n<p>For more information about the purpose and scope of data collection, as well as the subsequent processing and use of the data by Facebook, along with the user&#8217;s rights and various settings to protect their privacy, please visit Facebook&#8217;s privacy policy page at <a href=\"http:\/\/www.facebook.com\/policy.php\" rel=\"noopener\">http:\/\/www.facebook.com\/policy.php<\/a>.<\/p>\n\n\n\n<p>If the user is a Facebook member and does not want Facebook to collect data about them through our website and link it to the data already stored by Facebook, they must log out of their Facebook account before visiting our website.<\/p>\n\n\n\n<p><strong>JURISDICTION<\/strong><\/p>\n\n\n\n<p>This Legal Notice is written in Spanish and is subject to the current laws of Spain. For any disputes arising from the use of the services offered or the content provided on the Website, the parties, by accepting this Legal Notice, submit to the competent Courts and Tribunals of Cerdanyola del Vall\u00e8s.<\/p>\n","protected":false},"excerpt":{"rendered":"<p>In compliance with the provisions of Article 10 of Law 34\/2002, of July 11, on Information Society Services and Electronic Commerce (LSSI-CE), it is hereby informed that this website is owned by the company Transportes Mart\u00edn Pina S.L.U. Corporate Name: Transportes Mart\u00edn Pina S.L.U.Address: Carrer Llobateres, 1, 08210 Barber\u00e0 del Vall\u00e8s, Barcelona (Spain)Tax ID (CIF):&hellip;&nbsp;<a href=\"https:\/\/www.transportesmartinpina.com\/en\/legal-notice\/\" rel=\"bookmark\">Read More &raquo;<span class=\"screen-reader-text\">Legal notice<\/span><\/a><\/p>\n","protected":false},"author":1,"featured_media":0,"parent":0,"menu_order":0,"comment_status":"closed","ping_status":"closed","template":"","meta":{"neve_meta_sidebar":"","neve_meta_container":"","neve_meta_enable_content_width":"","neve_meta_content_width":0,"neve_meta_title_alignment":"","neve_meta_author_avatar":"","neve_post_elements_order":"","neve_meta_disable_header":"","neve_meta_disable_footer":"","neve_meta_disable_title":"","_themeisle_gutenberg_block_has_review":false,"footnotes":""},"class_list":["post-983","page","type-page","status-publish","hentry"],"_links":{"self":[{"href":"https:\/\/www.transportesmartinpina.com\/en\/wp-json\/wp\/v2\/pages\/983","targetHints":{"allow":["GET"]}}],"collection":[{"href":"https:\/\/www.transportesmartinpina.com\/en\/wp-json\/wp\/v2\/pages"}],"about":[{"href":"https:\/\/www.transportesmartinpina.com\/en\/wp-json\/wp\/v2\/types\/page"}],"author":[{"embeddable":true,"href":"https:\/\/www.transportesmartinpina.com\/en\/wp-json\/wp\/v2\/users\/1"}],"replies":[{"embeddable":true,"href":"https:\/\/www.transportesmartinpina.com\/en\/wp-json\/wp\/v2\/comments?post=983"}],"version-history":[{"count":5,"href":"https:\/\/www.transportesmartinpina.com\/en\/wp-json\/wp\/v2\/pages\/983\/revisions"}],"predecessor-version":[{"id":2033,"href":"https:\/\/www.transportesmartinpina.com\/en\/wp-json\/wp\/v2\/pages\/983\/revisions\/2033"}],"wp:attachment":[{"href":"https:\/\/www.transportesmartinpina.com\/en\/wp-json\/wp\/v2\/media?parent=983"}],"curies":[{"name":"wp","href":"https:\/\/api.w.org\/{rel}","templated":true}]}}