{"id":1654,"date":"2020-01-23T18:21:52","date_gmt":"2020-01-23T17:21:52","guid":{"rendered":"https:\/\/www.transportesmartinpina.com\/sobre-nosotros\/"},"modified":"2024-12-20T14:07:30","modified_gmt":"2024-12-20T13:07:30","slug":"about-us","status":"publish","type":"page","link":"https:\/\/www.transportesmartinpina.com\/en\/about-us\/","title":{"rendered":"About us"},"content":{"rendered":"\n<div class=\"wp-block-cover alignfull\"><span aria-hidden=\"true\" class=\"wp-block-cover__background has-neve-link-hover-color-background-color has-background-dim-70 has-background-dim\"><\/span><img data-dominant-color=\"0b0b0a\" data-has-transparency=\"false\" style=\"--dominant-color: #0b0b0a;\" loading=\"lazy\" decoding=\"async\" width=\"1400\" height=\"671\" class=\"wp-block-cover__image-background wp-image-1215 not-transparent\" alt=\"Fund 3\" src=\"https:\/\/www.transportesmartinpina.com\/wp-content\/uploads\/2024\/10\/fondo3-jpg.avif\" data-object-fit=\"cover\" srcset=\"https:\/\/www.transportesmartinpina.com\/wp-content\/uploads\/2024\/10\/fondo3-jpg.avif 1400w, https:\/\/www.transportesmartinpina.com\/wp-content\/uploads\/2024\/10\/fondo3-300x144.avif 300w, https:\/\/www.transportesmartinpina.com\/wp-content\/uploads\/2024\/10\/fondo3-1024x491.avif 1024w, https:\/\/www.transportesmartinpina.com\/wp-content\/uploads\/2024\/10\/fondo3-768x368.avif 768w\" sizes=\"auto, (max-width: 1400px) 100vw, 1400px\" \/><div class=\"wp-block-cover__inner-container is-layout-constrained wp-block-cover-is-layout-constrained\">\n<h1 class=\"wp-block-heading has-text-align-center has-nv-site-bg-color has-text-color has-link-color wp-elements-317ca23c617eaec26625b325943e4582\">Qui\u00e9nes somos<\/h1>\n<\/div><\/div>\n\n<div class=\"wp-block-cover alignfull\" style=\"min-height:600px;aspect-ratio:unset;\"><span aria-hidden=\"true\" class=\"wp-block-cover__background has-nv-light-bg-background-color has-background-dim-100 has-background-dim\"><\/span><div class=\"wp-block-cover__inner-container is-layout-flow wp-block-cover-is-layout-flow\">\n<div class=\"wp-block-group\"><div class=\"wp-block-group__inner-container is-layout-flow wp-block-group-is-layout-flow\">\n<div style=\"height:80px\" aria-hidden=\"true\" class=\"wp-block-spacer\"><\/div>\n\n\n\n<div class=\"wp-block-columns are-vertically-aligned-center has-neve-text-color-color has-text-color is-layout-flex wp-container-core-columns-is-layout-9d6595d7 wp-block-columns-is-layout-flex\">\n<div class=\"wp-block-column is-vertically-aligned-center is-layout-flow wp-block-column-is-layout-flow\" style=\"padding-right:var(--wp--preset--spacing--30);padding-left:var(--wp--preset--spacing--30);flex-basis:50%\">\n<figure class=\"wp-block-image size-full has-custom-border\"><img data-dominant-color=\"97a3ae\" data-has-transparency=\"false\" loading=\"lazy\" decoding=\"async\" width=\"600\" height=\"600\" src=\"https:\/\/www.transportesmartinpina.com\/wp-content\/uploads\/2024\/10\/transportes-martin-pina-empresa-jpeg.avif\" alt=\"Martin pina transport company\" class=\"wp-image-1441 not-transparent\" style=\"--dominant-color: #97a3ae; border-radius:16px\" srcset=\"https:\/\/www.transportesmartinpina.com\/wp-content\/uploads\/2024\/10\/transportes-martin-pina-empresa-jpeg.avif 600w, https:\/\/www.transportesmartinpina.com\/wp-content\/uploads\/2024\/10\/transportes-martin-pina-empresa-300x300.avif 300w, https:\/\/www.transportesmartinpina.com\/wp-content\/uploads\/2024\/10\/transportes-martin-pina-empresa-150x150.avif 150w\" sizes=\"auto, (max-width: 600px) 100vw, 600px\" \/><\/figure>\n<\/div>\n\n\n\n<div class=\"wp-block-column is-vertically-aligned-center is-layout-flow wp-block-column-is-layout-flow\" style=\"padding-top:0;padding-right:var(--wp--preset--spacing--30);padding-bottom:0;padding-left:var(--wp--preset--spacing--30);flex-basis:50%\">\n<h2 class=\"wp-block-heading has-neve-text-color-color has-text-color\">Nuestra historia<\/h2>\n\n\n\n<p class=\"has-neve-text-color-color has-text-color\">TRANSPORTES MART\u00cdN PINA S.L.U. es una empresa especializada en prestar servicios de transporte, distribuci\u00f3n y log\u00edstica, actividad que desarrolla desde su fundaci\u00f3n, en 2001.<\/p>\n\n\n\n<p class=\"has-neve-text-color-color has-text-color\">El equipo profesional de Transportes Mart\u00edn Pina disfruta de una experiencia de vairas generaciones en el sector e inici\u00f3 su andadura de manera independiente en en el a\u00f1o 1988 desarrollando varias empresas, hasta que en 2001 se fund\u00f3 la actual sociedad.<\/p>\n<\/div>\n<\/div>\n\n\n\n<div style=\"height:40px\" aria-hidden=\"true\" class=\"wp-block-spacer\"><\/div>\n<\/div><\/div>\n<\/div><\/div>\n\n<div class=\"wp-block-cover alignfull\" style=\"min-height:600px;aspect-ratio:unset;\"><span aria-hidden=\"true\" class=\"wp-block-cover__background has-nv-dark-bg-background-color has-background-dim-100 has-background-dim\"><\/span><div class=\"wp-block-cover__inner-container is-layout-flow wp-block-cover-is-layout-flow\">\n<div class=\"wp-block-group\"><div class=\"wp-block-group__inner-container is-layout-flow wp-block-group-is-layout-flow\">\n<div style=\"height:80px\" aria-hidden=\"true\" class=\"wp-block-spacer\"><\/div>\n\n\n\n<div class=\"wp-block-columns are-vertically-aligned-center is-layout-flex wp-container-core-columns-is-layout-9d6595d7 wp-block-columns-is-layout-flex\">\n<div class=\"wp-block-column is-vertically-aligned-center is-layout-flow wp-block-column-is-layout-flow\" style=\"padding-right:var(--wp--preset--spacing--30);padding-left:var(--wp--preset--spacing--30);flex-basis:50%\">\n<h2 class=\"wp-block-heading has-nv-text-dark-bg-color has-text-color\">Nuestros valores<\/h2>\n\n\n\n<p class=\"has-nv-text-dark-bg-color has-text-color\">Desde su nacimiento, Transportes Mart\u00edn Pina dispone de un departamento especializado en la labor de operador log\u00edstico con el que se pretende responder a las cada vez mayores exigencias del mercado. <\/p>\n\n\n\n<p class=\"has-nv-text-dark-bg-color has-text-color\">En este sentido, la constante voluntad de innovaci\u00f3n y la relaci\u00f3n de confianza que se establece con sus clientes se configuran como la mejor carta de presentaci\u00f3n de una firma que, por otro lado, ofrece una muy ajustada relaci\u00f3n entre calidad y precio.<\/p>\n\n\n\n<div style=\"height:20px\" aria-hidden=\"true\" class=\"wp-block-spacer\"><\/div>\n\n\n\n<div class=\"wp-block-buttons has-custom-font-size has-small-font-size is-content-justification-left is-layout-flex wp-container-core-buttons-is-layout-fdcfc74e wp-block-buttons-is-layout-flex\">\n<div class=\"wp-block-button has-custom-font-size is-style-default\" style=\"font-size:16px\"><a class=\"wp-block-button__link has-nv-text-dark-bg-color has-neve-link-color-background-color has-text-color has-background has-link-color wp-element-button\" href=\"https:\/\/www.transportesmartinpina.com\/contacto\/\">Cont\u00e1ctanos<\/a><\/div>\n<\/div>\n\n\n\n<div style=\"height:20px\" aria-hidden=\"true\" class=\"wp-block-spacer\"><\/div>\n<\/div>\n\n\n\n<div class=\"wp-block-column is-vertically-aligned-center is-layout-flow wp-block-column-is-layout-flow\" style=\"padding-right:var(--wp--preset--spacing--30);padding-left:var(--wp--preset--spacing--30);flex-basis:50%\">\n<figure class=\"wp-block-image size-full has-custom-border\"><img data-dominant-color=\"929da7\" data-has-transparency=\"false\" loading=\"lazy\" decoding=\"async\" width=\"601\" height=\"600\" src=\"https:\/\/www.transportesmartinpina.com\/wp-content\/uploads\/2024\/10\/valores-transportes.martin-pina-jpeg.avif\" alt=\"Martin pina transport values\" class=\"wp-image-1444 not-transparent\" style=\"--dominant-color: #929da7; border-radius:16px\" srcset=\"https:\/\/www.transportesmartinpina.com\/wp-content\/uploads\/2024\/10\/valores-transportes.martin-pina-jpeg.avif 601w, https:\/\/www.transportesmartinpina.com\/wp-content\/uploads\/2024\/10\/valores-transportes.martin-pina-300x300.avif 300w, https:\/\/www.transportesmartinpina.com\/wp-content\/uploads\/2024\/10\/valores-transportes.martin-pina-150x150.avif 150w\" sizes=\"auto, (max-width: 601px) 100vw, 601px\" \/><\/figure>\n<\/div>\n<\/div>\n\n\n\n<div style=\"height:40px\" aria-hidden=\"true\" class=\"wp-block-spacer\"><\/div>\n<\/div><\/div>\n<\/div><\/div>\n\n<div class=\"wp-block-cover alignfull\" style=\"min-height:420px;aspect-ratio:unset;\"><span aria-hidden=\"true\" class=\"wp-block-cover__background has-nv-site-bg-background-color has-background-dim-100 has-background-dim\"><\/span><div class=\"wp-block-cover__inner-container is-layout-flow wp-block-cover-is-layout-flow\">\n<div style=\"height:80px\" aria-hidden=\"true\" class=\"wp-block-spacer\"><\/div>\n\n\n\n<div class=\"wp-block-columns are-vertically-aligned-top is-layout-flex wp-container-core-columns-is-layout-9d6595d7 wp-block-columns-is-layout-flex\">\n<div class=\"wp-block-column is-vertically-aligned-top neve-duotone is-layout-flow wp-block-column-is-layout-flow\" style=\"padding-right:var(--wp--preset--spacing--30);padding-left:var(--wp--preset--spacing--30)\"><div class=\"wp-block-image icon-style is-style-default wp-duotone-unset-2\">\n<figure class=\"aligncenter size-full is-resized has-custom-border\"><img data-dominant-color=\"0a0a9e\" data-has-transparency=\"true\" loading=\"lazy\" decoding=\"async\" width=\"512\" height=\"512\" src=\"https:\/\/www.transportesmartinpina.com\/wp-content\/uploads\/2024\/10\/30-anos-experiencia-png.avif\" alt=\"30 years experience\" class=\"wp-image-1148 has-transparency\" style=\"--dominant-color: #0a0a9e; border-radius:0px;object-fit:cover;width:60px;height:60px\" title=\"\" srcset=\"https:\/\/www.transportesmartinpina.com\/wp-content\/uploads\/2024\/10\/30-anos-experiencia-png.avif 512w, https:\/\/www.transportesmartinpina.com\/wp-content\/uploads\/2024\/10\/30-anos-experiencia-300x300.avif 300w, https:\/\/www.transportesmartinpina.com\/wp-content\/uploads\/2024\/10\/30-anos-experiencia-150x150.avif 150w\" sizes=\"auto, (max-width: 512px) 100vw, 512px\" \/><\/figure>\n<\/div>\n\n\n<div style=\"height:16px\" aria-hidden=\"true\" class=\"wp-block-spacer\"><\/div>\n\n\n\n<h3 class=\"wp-block-heading has-text-align-center has-neve-text-color-color has-text-color\">Experiencia y confianza<\/h3>\n\n\n\n<p class=\"has-text-align-center has-neve-text-color-color has-text-color has-link-color wp-elements-b1057bc39c3dbb75abdee59a6d35ba5d\">Empresa familiar con m\u00e1s de 30 a\u00f1os en el sector, ofreciendo un servicio de calidad<\/p>\n\n\n\n<div style=\"height:20px\" aria-hidden=\"true\" class=\"wp-block-spacer\"><\/div>\n<\/div>\n\n\n\n<div class=\"wp-block-column is-vertically-aligned-top is-layout-flow wp-block-column-is-layout-flow\" style=\"padding-right:var(--wp--preset--spacing--30);padding-left:var(--wp--preset--spacing--30)\"><div class=\"wp-block-image icon-style is-style-default\">\n<figure class=\"aligncenter size-full is-resized has-custom-border\"><img data-dominant-color=\"0e10a0\" data-has-transparency=\"true\" loading=\"lazy\" decoding=\"async\" width=\"512\" height=\"512\" src=\"https:\/\/www.transportesmartinpina.com\/wp-content\/uploads\/2024\/10\/flota-png.avif\" alt=\"Fleet\" class=\"wp-image-1140 has-transparency\" style=\"--dominant-color: #0e10a0; border-radius:0px;object-fit:cover;width:60px;height:60px\" title=\"\" srcset=\"https:\/\/www.transportesmartinpina.com\/wp-content\/uploads\/2024\/10\/flota-png.avif 512w, https:\/\/www.transportesmartinpina.com\/wp-content\/uploads\/2024\/10\/flota-300x300.avif 300w, https:\/\/www.transportesmartinpina.com\/wp-content\/uploads\/2024\/10\/flota-150x150.avif 150w\" sizes=\"auto, (max-width: 512px) 100vw, 512px\" \/><\/figure>\n<\/div>\n\n\n<div style=\"height:16px\" aria-hidden=\"true\" class=\"wp-block-spacer\"><\/div>\n\n\n\n<h3 class=\"wp-block-heading has-text-align-center has-neve-text-color-color has-text-color\">Flota moderna<\/h3>\n\n\n\n<p class=\"has-text-align-center has-neve-text-color-color has-text-color has-link-color wp-elements-de04f50c09238409a83d5a7a999c2a0e\">25 camiones propios EURO 6, 30 remolques mega y una amplia variedad de veh\u00edculos adaptados<\/p>\n\n\n\n<div style=\"height:20px\" aria-hidden=\"true\" class=\"wp-block-spacer\"><\/div>\n<\/div>\n\n\n\n<div class=\"wp-block-column is-vertically-aligned-top is-layout-flow wp-block-column-is-layout-flow\" style=\"padding-right:var(--wp--preset--spacing--30);padding-left:var(--wp--preset--spacing--30)\"><div class=\"wp-block-image icon-style is-style-default wp-duotone-unset-3\">\n<figure class=\"aligncenter size-full is-resized has-custom-border\"><img data-dominant-color=\"08079c\" data-has-transparency=\"true\" loading=\"lazy\" decoding=\"async\" width=\"512\" height=\"512\" src=\"https:\/\/www.transportesmartinpina.com\/wp-content\/uploads\/2024\/10\/ambito-nacional-internacional-png.avif\" alt=\"Scope national international\" class=\"wp-image-1145 has-transparency\" style=\"--dominant-color: #08079c; border-radius:0px;object-fit:cover;width:60px;height:60px\" title=\"\" srcset=\"https:\/\/www.transportesmartinpina.com\/wp-content\/uploads\/2024\/10\/ambito-nacional-internacional-png.avif 512w, https:\/\/www.transportesmartinpina.com\/wp-content\/uploads\/2024\/10\/ambito-nacional-internacional-300x300.avif 300w, https:\/\/www.transportesmartinpina.com\/wp-content\/uploads\/2024\/10\/ambito-nacional-internacional-150x150.avif 150w\" sizes=\"auto, (max-width: 512px) 100vw, 512px\" \/><\/figure>\n<\/div>\n\n\n<div style=\"height:16px\" aria-hidden=\"true\" class=\"wp-block-spacer\"><\/div>\n\n\n\n<h3 class=\"wp-block-heading has-text-align-center has-neve-text-color-color has-text-color\">Cobertura Nacional e Internacional<\/h3>\n\n\n\n<p class=\"has-text-align-center has-neve-text-color-color has-text-color has-link-color wp-elements-914a57200089cc7a18dd45af011b37e5\">Transporte r\u00e1pido y eficiente tanto en Espa\u00f1a como en toda Europa<\/p>\n\n\n\n<div style=\"height:20px\" aria-hidden=\"true\" class=\"wp-block-spacer\"><\/div>\n<\/div>\n\n\n\n<div class=\"wp-block-column is-vertically-aligned-top is-layout-flow wp-block-column-is-layout-flow\" style=\"padding-right:var(--wp--preset--spacing--30);padding-left:var(--wp--preset--spacing--30)\"><div class=\"wp-block-image icon-style is-style-default wp-duotone-unset-4\">\n<figure class=\"aligncenter size-full is-resized has-custom-border\"><img data-dominant-color=\"151aa5\" data-has-transparency=\"true\" loading=\"lazy\" decoding=\"async\" width=\"512\" height=\"512\" src=\"https:\/\/www.transportesmartinpina.com\/wp-content\/uploads\/2024\/10\/almacen-png.avif\" alt=\"Warehouse\" class=\"wp-image-1151 has-transparency\" style=\"--dominant-color: #151aa5; border-radius:0px;object-fit:cover;width:60px;height:60px\" title=\"\" srcset=\"https:\/\/www.transportesmartinpina.com\/wp-content\/uploads\/2024\/10\/almacen-png.avif 512w, https:\/\/www.transportesmartinpina.com\/wp-content\/uploads\/2024\/10\/almacen-300x300.avif 300w, https:\/\/www.transportesmartinpina.com\/wp-content\/uploads\/2024\/10\/almacen-150x150.avif 150w\" sizes=\"auto, (max-width: 512px) 100vw, 512px\" \/><\/figure>\n<\/div>\n\n\n<div style=\"height:16px\" aria-hidden=\"true\" class=\"wp-block-spacer\"><\/div>\n\n\n\n<h3 class=\"wp-block-heading has-text-align-center has-neve-text-color-color has-text-color\">Almacenamiento y Taller<\/h3>\n\n\n\n<p class=\"has-text-align-center has-neve-text-color-color has-text-color has-link-color wp-elements-f935c6a0b1b38a4c06ae880aaf1a755f\">Nave de almacenamiento equipada y taller propio para el mantenimiento de nuestra flota<\/p>\n\n\n\n<div style=\"height:20px\" aria-hidden=\"true\" class=\"wp-block-spacer\"><\/div>\n<\/div>\n<\/div>\n\n\n\n<div style=\"height:30px\" aria-hidden=\"true\" class=\"wp-block-spacer\"><\/div>\n<\/div><\/div>\n\n<div class=\"wp-block-cover alignfull\" style=\"min-height:300px;aspect-ratio:unset;\"><span aria-hidden=\"true\" class=\"wp-block-cover__background has-neve-link-color-background-color has-background-dim-100 has-background-dim\"><\/span><div class=\"wp-block-cover__inner-container is-layout-flow wp-block-cover-is-layout-flow\">\n<div style=\"height:140px\" aria-hidden=\"true\" class=\"wp-block-spacer\"><\/div>\n\n\n\n<div class=\"wp-block-columns is-layout-flex wp-container-core-columns-is-layout-9d6595d7 wp-block-columns-is-layout-flex\">\n<div class=\"wp-block-column is-layout-flow wp-block-column-is-layout-flow\" style=\"flex-basis:20%\"><\/div>\n\n\n\n<div class=\"wp-block-column is-layout-flow wp-block-column-is-layout-flow\" style=\"flex-basis:60%\">\n<div class=\"wp-block-group\"><div class=\"wp-block-group__inner-container is-layout-constrained wp-block-group-is-layout-constrained\">\n<h2 class=\"wp-block-heading has-text-align-center has-nv-site-bg-color has-text-color\">\u00bfTienes dudas?<\/h2>\n\n\n\n<p class=\"has-text-align-center has-nv-site-bg-color has-text-color has-link-color wp-elements-78e27cf715d90c889696d70656e94c0a\">Estamos listos para ayudarte con cualquier necesidad de transporte. Escr\u00edbenos y descubre c\u00f3mo podemos hacer la diferencia.<\/p>\n<\/div><\/div>\n<\/div>\n\n\n\n<div class=\"wp-block-column is-layout-flow wp-block-column-is-layout-flow\" style=\"flex-basis:20%\"><\/div>\n<\/div>\n\n\n\n<div class=\"wp-block-buttons is-content-justification-center is-layout-flex wp-container-core-buttons-is-layout-16018d1d wp-block-buttons-is-layout-flex\">\n<div class=\"wp-block-button is-style-primary\"><a class=\"wp-block-button__link has-neve-text-color-color has-nv-site-bg-background-color has-text-color has-background has-link-color wp-element-button\" href=\"https:\/\/www.transportesmartinpina.com\/es\/contacto\/\">Contacto<\/a><\/div>\n<\/div>\n\n\n\n<div style=\"height:140px\" aria-hidden=\"true\" class=\"wp-block-spacer\"><\/div>\n<\/div><\/div>\n","protected":false},"excerpt":{"rendered":"","protected":false},"author":1,"featured_media":0,"parent":0,"menu_order":0,"comment_status":"closed","ping_status":"closed","template":"","meta":{"neve_meta_sidebar":"default","neve_meta_container":"default","neve_meta_enable_content_width":"on","neve_meta_content_width":100,"neve_meta_title_alignment":"","neve_meta_author_avatar":"","neve_post_elements_order":"","neve_meta_disable_header":"","neve_meta_disable_footer":"","neve_meta_disable_title":"on","_themeisle_gutenberg_block_has_review":false,"footnotes":""},"class_list":["post-1654","page","type-page","status-publish","hentry"],"_links":{"self":[{"href":"https:\/\/www.transportesmartinpina.com\/en\/wp-json\/wp\/v2\/pages\/1654","targetHints":{"allow":["GET"]}}],"collection":[{"href":"https:\/\/www.transportesmartinpina.com\/en\/wp-json\/wp\/v2\/pages"}],"about":[{"href":"https:\/\/www.transportesmartinpina.com\/en\/wp-json\/wp\/v2\/types\/page"}],"author":[{"embeddable":true,"href":"https:\/\/www.transportesmartinpina.com\/en\/wp-json\/wp\/v2\/users\/1"}],"replies":[{"embeddable":true,"href":"https:\/\/www.transportesmartinpina.com\/en\/wp-json\/wp\/v2\/comments?post=1654"}],"version-history":[{"count":3,"href":"https:\/\/www.transportesmartinpina.com\/en\/wp-json\/wp\/v2\/pages\/1654\/revisions"}],"predecessor-version":[{"id":1947,"href":"https:\/\/www.transportesmartinpina.com\/en\/wp-json\/wp\/v2\/pages\/1654\/revisions\/1947"}],"wp:attachment":[{"href":"https:\/\/www.transportesmartinpina.com\/en\/wp-json\/wp\/v2\/media?parent=1654"}],"curies":[{"name":"wp","href":"https:\/\/api.w.org\/{rel}","templated":true}]}}